{"id":270,"date":"2024-08-13T17:37:21","date_gmt":"2024-08-13T17:37:21","guid":{"rendered":"http:\/\/empregologo.atpnd.com\/?page_id=270"},"modified":"2024-08-19T21:54:21","modified_gmt":"2024-08-19T21:54:21","slug":"terms","status":"publish","type":"page","link":"https:\/\/empregologo.com\/de\/terms\/","title":{"rendered":"Nutzungsbedingungen \u2013 Emprego-Logo"},"content":{"rendered":"<div class=\"mx-5 sm:mx-0 prose leading-relaxed text-lg mb-5 text-left wp-paragraph\">\n<p>Minuto Vip O\u00dc, eine estnische Gesellschaft mit beschr\u00e4nkter Haftung (GmbH, auch O\u00dc genannt), eingetragen unter der USt-IdNr. EE102618125 und mit Sitz in Tallinn, Kreis Harju, Bezirk Kesklinna, Rotermanni tn 14-32, 10111 Tallinn, ist die Urheberin, Inhaberin und Betreiberin des Emprego Logo Blogs, der \u00fcber die Domain erreichbar ist.<a target=\"_blank\" href=\"https:\/\/empregologo.com\/de\/\" rel=\"noreferrer noopener\"> https:\/\/empregologo.com\/<\/a>.&nbsp;<\/p>\n<\/div><div class=\"mx-5 sm:mx-0 prose leading-relaxed text-lg mb-5 text-left wp-paragraph\">\n<p>Emprego Logo ist f\u00fcr die Verwaltung dieses Portals verantwortlich. Wenn wir \u201ewir\u201c, \u201eunser\u201c oder \u201euns selbst\u201c verwenden, beziehen wir uns auf Emprego Logo. Dieses von Emprego Logo betriebene Portal bietet eine Vielzahl von Informationen, Dienstleistungen und Inhalten. Mit dem Zugriff auf das Portal erkl\u00e4ren Sie sich mit allen unseren Nutzungsbedingungen und Richtlinien einverstanden.<\/p>\n<\/div><div class=\"mx-5 sm:mx-0 prose leading-relaxed text-lg mb-5 text-left wp-paragraph\">\n<p>Emprego Logo zeichnet sich als zuverl\u00e4ssige Informationsquelle und detaillierte Analyse verschiedener Stellenangebote im In- und Ausland aus.<\/p>\n<\/div><div class=\"mx-5 sm:mx-0 prose leading-relaxed text-lg mb-5 text-left wp-paragraph\">\n<p>Wir weisen ausdr\u00fccklich darauf hin, dass die Nutzung dieser Website Ihre Zustimmung zu den hier beschriebenen Nutzungsbedingungen und der Datenschutzerkl\u00e4rung von Emprego Logo voraussetzt, die unter folgendem Link abrufbar ist:<a target=\"_blank\" href=\"https:\/\/empregologo.com\/de\/privacy\/\" rel=\"noreferrer noopener\"> https:\/\/empregologo.com\/privacy\/<\/a>, gem\u00e4\u00df geltendem Recht.<\/p>\n<\/div><div class=\"mx-5 sm:mx-0 prose leading-relaxed text-lg mb-5 text-left wp-paragraph\">\n<p>Die nachstehend beschriebenen Allgemeinen Nutzungsbedingungen zielen darauf ab, die Pflichten, Verantwortlichkeiten und Rechte aller Benutzer zu definieren, die auf die Emprego Logo-Website zugreifen oder sie nutzen, wie nachstehend detailliert beschrieben.<\/p>\n<\/div><div class=\"mx-5 sm:mx-0 prose leading-relaxed text-lg mb-5 text-left wp-paragraph\">\n<p>Es ist unerl\u00e4sslich, dass Sie unsere Nutzungsbedingungen sorgf\u00e4ltig lesen. Sollten Sie mit einer der Bedingungen nicht einverstanden sein, bitten wir Sie, die von Emprego Logo angebotenen Dienste nicht zu nutzen.<\/p>\n<\/div><!--advertisement--><div class=\"mx-5 sm:mx-0 sm:text-3xl text-2xl font-medium title-font mb-4 text-gray-900 text-left\">\n<h2 class=\"wp-block-heading\" id=\"h-section-i-access-to-emprego-logo\">Abschnitt I \u2013 Zugriff auf das Emprego-Logo<\/h2>\n<\/div><div class=\"mx-5 sm:mx-0 prose leading-relaxed text-lg mb-5 text-left wp-paragraph\">\n<p>1.1 Durch den Zugriff auf und die Nutzung von Emprego Logo erkl\u00e4ren Sie sich als Nutzer mit den Allgemeinen Nutzungsbedingungen und der Datenschutzerkl\u00e4rung der Website einverstanden.<\/p>\n<\/div><div class=\"mx-5 sm:mx-0 prose leading-relaxed text-lg mb-5 text-left wp-paragraph\">\n<p>1.2 Mit der Verwendung des Emprego-Logos best\u00e4tigen Sie, dass Sie mindestens 18 Jahre alt sind und die volle Rechtsf\u00e4higkeit besitzen, die Nutzungsbedingungen zu akzeptieren und einzuhalten.<\/p>\n<\/div><div class=\"mx-5 sm:mx-0 prose leading-relaxed text-lg mb-5 text-left wp-paragraph\">\n<p>1.3 Wenn Sie die genannten Alters- und Gesch\u00e4ftsf\u00e4higkeitsvoraussetzungen nicht erf\u00fcllen oder wenn Sie den Nutzungsbedingungen nicht zustimmen, m\u00fcssen Sie den Zugriff auf und die Nutzung der von Emprego Logo angebotenen Dienste sowie aller verlinkten Seiten oder Dienste einstellen.<\/p>\n<\/div><!--advertisement--><div class=\"mx-5 sm:mx-0 sm:text-3xl text-2xl font-medium title-font mb-4 text-gray-900 text-left\">\n<h2 class=\"wp-block-heading\" id=\"h-section-ii-contact\">Abschnitt II \u2013 Kontakt<\/h2>\n<\/div><div class=\"mx-5 sm:mx-0 prose leading-relaxed text-lg mb-5 text-left wp-paragraph\">\n<p>2.1 Benutzer k\u00f6nnen den Support-Service in Anspruch nehmen, um Zweifel auszur\u00e4umen, Probleme zu l\u00f6sen, Beschwerden einzureichen oder zus\u00e4tzliche Informationen \u00fcber die von Emprego Logo angebotenen Produkte und Dienstleistungen anzufordern.<\/p>\n<\/div><div class=\"mx-5 sm:mx-0 prose leading-relaxed text-lg mb-5 text-left wp-paragraph\">\n<p>2.2 Um Kontakt aufzunehmen, sollten Nutzer das Formular ausf\u00fcllen unter <a style=\" color:;\" href=\"https:\/\/empregologo.com\/de\/contact\/\" target=\"_blank\" rel=\"noreferrer noopener\">https:\/\/empregologo.com\/contact\/<\/a>.\u00a0<\/p>\n<\/div><!--advertisement--><div class=\"mx-5 sm:mx-0 sm:text-3xl text-2xl font-medium title-font mb-4 text-gray-900 text-left\">\n<h2 class=\"wp-block-heading\" id=\"h-section-iii-responsibilities-of-the-parties\">Abschnitt III \u2013 Verantwortlichkeiten der Parteien<\/h2>\n<\/div><div class=\"mx-5 sm:mx-0 prose leading-relaxed text-lg mb-5 text-left wp-paragraph\">\n<p>3.1 Annahme der Nutzungsbedingungen und der Datenschutzrichtlinie<\/p>\n<\/div><div class=\"mx-5 sm:mx-0 prose leading-relaxed text-lg mb-5 text-left wp-paragraph\">\n<p>Mit der Verwendung des Emprego-Logos best\u00e4tigen Sie, dass Sie die pr\u00e4sentierten Bedingungen sowie die Nutzungsbedingungen und die Datenschutzrichtlinie gelesen, verstanden und akzeptiert haben.<\/p>\n<\/div><div class=\"mx-5 sm:mx-0 prose leading-relaxed text-lg mb-5 text-left wp-paragraph\">\n<p>3.2 Links zu externen Websites<\/p>\n<\/div><div class=\"mx-5 sm:mx-0 prose leading-relaxed text-lg mb-5 text-left wp-paragraph\">\n<p>Emprego Logo stellt Links zu Websites Dritter bereit, sodass Sie Dienstleistungen in Anspruch nehmen oder Produkte von Partnern erwerben k\u00f6nnen, ohne dass Emprego Logo direkt an diesen Transaktionen beteiligt ist.<\/p>\n<\/div><div class=\"mx-5 sm:mx-0 prose leading-relaxed text-lg mb-5 text-left wp-paragraph\">\n<p>3.3 Bedingungen f\u00fcr Partnerstandorte<\/p>\n<\/div><div class=\"mx-5 sm:mx-0 prose leading-relaxed text-lg mb-5 text-left wp-paragraph\">\n<p>Durch den Zugriff auf Partnerseiten erkl\u00e4ren Sie sich mit den jeweiligen Nutzungsbedingungen und Datenschutzrichtlinien der einzelnen Seiten einverstanden.<\/p>\n<\/div><div class=\"mx-5 sm:mx-0 prose leading-relaxed text-lg mb-5 text-left wp-paragraph\">\n<p>3.4 Haftungsausschluss f\u00fcr Inhalte Dritter<\/p>\n<\/div><div class=\"mx-5 sm:mx-0 prose leading-relaxed text-lg mb-5 text-left wp-paragraph\">\n<p>Emprego Logo ist weder f\u00fcr Bedingungen, Richtlinien, Informationen oder Inhalte Dritter noch f\u00fcr Transaktionen mit Dritten verantwortlich.<\/p>\n<\/div><div class=\"mx-5 sm:mx-0 prose leading-relaxed text-lg mb-5 text-left wp-paragraph\">\n<p>3.5 Schutz vor Schadsoftware<\/p>\n<\/div><div class=\"mx-5 sm:mx-0 prose leading-relaxed text-lg mb-5 text-left wp-paragraph\">\n<p>Wir \u00fcbernehmen keine Haftung f\u00fcr Sch\u00e4den, die durch Viren oder andere Schadsoftware beim Surfen im Internet verursacht werden. Zu Ihrem Schutz empfehlen wir die Verwendung einer aktuellen Antivirensoftware.<\/p>\n<\/div><div class=\"mx-5 sm:mx-0 prose leading-relaxed text-lg mb-5 text-left wp-paragraph\">\n<p>3.6 Haftungsbeschr\u00e4nkung<\/p>\n<\/div><div class=\"mx-5 sm:mx-0 prose leading-relaxed text-lg mb-5 text-left wp-paragraph\">\n<p>Emprego Logo \u00fcbernimmt keine Haftung f\u00fcr Sch\u00e4den, die durch Missbrauch der Website oder durch Ereignisse h\u00f6herer Gewalt entstehen.<\/p>\n<\/div><div class=\"mx-5 sm:mx-0 prose leading-relaxed text-lg mb-5 text-left wp-paragraph\">\n<p>3.7 Finanztransaktionen<\/p>\n<\/div><div class=\"mx-5 sm:mx-0 prose leading-relaxed text-lg mb-5 text-left wp-paragraph\">\n<p>Emprego Logo verlangt keine Zahlungen, Einzahlungen oder Bank\u00fcberweisungen zur Bereitstellung von Finanzprodukten oder -dienstleistungen.<\/p>\n<\/div><div class=\"mx-5 sm:mx-0 prose leading-relaxed text-lg mb-5 text-left wp-paragraph\">\n<p>3.8 Sicherheitswarnungen<\/p>\n<\/div><div class=\"mx-5 sm:mx-0 prose leading-relaxed text-lg mb-5 text-left wp-paragraph\">\n<p>Wir versenden keine E-Mails, in denen wir nach pers\u00f6nlichen Daten oder Registrierungen fragen oder die ausf\u00fchrbare Anh\u00e4nge enthalten. Sollten Sie solche Nachrichten erhalten, benachrichtigen Sie uns bitte \u00fcber unser Kontaktformular, das Sie unter folgender Adresse finden: <a target=\"_blank\" href=\"https:\/\/empregologo.com\/de\/contact\/\" rel=\"noreferrer noopener\">https:\/\/empregologo.com\/contact\/<\/a>.<\/p>\n<\/div><!--advertisement--><div class=\"mx-5 sm:mx-0 sm:text-3xl text-2xl font-medium title-font mb-4 text-gray-900 text-left\">\n<h2 class=\"wp-block-heading\" id=\"h-section-iv-usage-rules-and-prohibitions\">Abschnitt IV \u2013 Nutzungsregeln und Verbote<\/h2>\n<\/div><div class=\"mx-5 sm:mx-0 prose leading-relaxed text-lg mb-5 text-left wp-paragraph\">\n<p>Unsere Nutzungsbedingungen enthalten spezifische Richtlinien f\u00fcr die ordnungsgem\u00e4\u00dfe Nutzung unserer Website und ihrer Inhalte. Folgendes ist ausdr\u00fccklich verboten:<\/p>\n<\/div><div class=\"mx-5 sm:mx-0 prose text-left mb-5\">\n<ul><div class=\"mx-5 sm:mx-0 prose text-left mb-5\">\n<li>Nutzen Sie die Website zur F\u00f6rderung oder Durchf\u00fchrung illegaler Handlungen oder zur Unterst\u00fctzung solcher Aktivit\u00e4ten.<\/li>\n<\/div>\n\n<div class=\"mx-5 sm:mx-0 prose text-left mb-5\">\n<li>Verst\u00f6\u00dfe gegen Gesetze oder Vorschriften, seien sie lokaler, staatlicher, nationaler oder internationaler Natur.<\/li>\n<\/div>\n\n<div class=\"mx-5 sm:mx-0 prose text-left mb-5\">\n<li>Verletzung von Rechten des geistigen Eigentums, seien es unsere eigenen oder die von Dritten.<\/li>\n<\/div>\n\n<div class=\"mx-5 sm:mx-0 prose text-left mb-5\">\n<li>Bel\u00e4stigung, Missbrauch, Verleumdung, Einsch\u00fcchterung oder Diskriminierung aufgrund des Geschlechts, der sexuellen Orientierung, der Religion, der ethnischen Zugeh\u00f6rigkeit, der Rasse, des Alters, der Nationalit\u00e4t oder einer Behinderung sind verboten.<\/li>\n<\/div>\n\n<div class=\"mx-5 sm:mx-0 prose text-left mb-5\">\n<li>Falsche oder irref\u00fchrende Informationen ver\u00f6ffentlichen oder verbreiten.<\/li>\n<\/div>\n\n<div class=\"mx-5 sm:mx-0 prose text-left mb-5\">\n<li>Verbreiten Sie keine Viren oder Schadcodes, die den Betrieb des Dienstes, zugeh\u00f6riger Websites oder des Internets im Allgemeinen gef\u00e4hrden k\u00f6nnten.<\/li>\n<\/div>\n\n<div class=\"mx-5 sm:mx-0 prose text-left mb-5\">\n<li>Pers\u00f6nliche Daten von Dritten ohne entsprechende Einwilligung sammeln oder \u00fcberwachen.<\/li>\n<\/div>\n\n<div class=\"mx-5 sm:mx-0 prose text-left mb-5\">\n<li>Beteiligen Sie sich an Spam-, Phishing-, Pharming-, Pretexting-, Spidering-, Crawling- oder Scraping-Praktiken.<\/li>\n<\/div>\n\n<div class=\"mx-5 sm:mx-0 prose text-left mb-5\">\n<li>Nutzen Sie die Website nicht f\u00fcr obsz\u00f6ne oder unmoralische Aktivit\u00e4ten.<\/li>\n<\/div>\n\n<div class=\"mx-5 sm:mx-0 prose text-left mb-5\">\n<li>Der Versuch, die im Dienst oder auf zugeh\u00f6rigen Websites implementierten Sicherheitsma\u00dfnahmen zu umgehen.<\/li>\n<\/div><\/ul>\n<\/div><div class=\"mx-5 sm:mx-0 prose leading-relaxed text-lg mb-5 text-left wp-paragraph\">\n<p>Wir behalten uns das Recht vor, Ihren Zugang zu unserem Service und zu allen zugeh\u00f6rigen Websites zu sperren oder zu beenden, wenn Sie gegen diese Regeln versto\u00dfen.<\/p>\n<\/div><!--advertisement--><div class=\"mx-5 sm:mx-0 sm:text-3xl text-2xl font-medium title-font mb-4 text-gray-900 text-left\">\n<h2 class=\"wp-block-heading\" id=\"h-section-v-limitations-of-liability-and-warranties\">Abschnitt V \u2013 Haftungsbeschr\u00e4nkungen und Gew\u00e4hrleistungen<\/h2>\n<\/div><div class=\"mx-5 sm:mx-0 prose leading-relaxed text-lg mb-5 text-left wp-paragraph\">\n<p>Es ist wichtig zu verstehen, dass der Zugriff auf unseren Dienst gelegentlich erfolgen kann und wir weder absolute Sicherheit noch Fehlerfreiheit garantieren. Wir \u00fcbernehmen keine Gew\u00e4hr f\u00fcr die Genauigkeit oder Zuverl\u00e4ssigkeit der mit dem Dienst erzielten Ergebnisse.<\/p>\n<\/div><div class=\"mx-5 sm:mx-0 prose leading-relaxed text-lg mb-5 text-left wp-paragraph\">\n<p>Der Dienst kann ohne vorherige Ank\u00fcndigung unterbrochen oder eingestellt werden.<\/p>\n<\/div><div class=\"mx-5 sm:mx-0 prose leading-relaxed text-lg mb-5 text-left wp-paragraph\">\n<p>Sie erkl\u00e4ren sich damit einverstanden, dass Sie f\u00fcr die Nutzung bzw. die Unm\u00f6glichkeit der Nutzung des Dienstes verantwortlich sind. Der Dienst wird \u201ewie besehen\u201c und \u201ewie verf\u00fcgbar\u201c ohne ausdr\u00fcckliche oder stillschweigende Gew\u00e4hrleistungen bereitgestellt.<\/p>\n<\/div><div class=\"mx-5 sm:mx-0 prose leading-relaxed text-lg mb-5 text-left wp-paragraph\">\n<p>Emprego Logo und seine Vertreter haften nicht f\u00fcr Sch\u00e4den, Verluste oder Anspr\u00fcche, die sich aus der Nutzung des Dienstes ergeben, einschlie\u00dflich, aber nicht beschr\u00e4nkt auf entgangenen Gewinn, Datenverlust oder sonstige immaterielle Verluste, die sich aus der Nutzung eines von Emprego Logo bereitgestellten Dienstes oder Produkts ergeben.<\/p>\n<\/div><div class=\"mx-5 sm:mx-0 prose leading-relaxed text-lg mb-5 text-left wp-paragraph\">\n<p>In Rechtsordnungen, in denen der Ausschluss oder die Beschr\u00e4nkung der Haftung f\u00fcr indirekte oder zuf\u00e4llige Sch\u00e4den nicht zul\u00e4ssig ist, ist unsere Haftung auf das nach geltendem Recht maximal zul\u00e4ssige Ma\u00df beschr\u00e4nkt.<\/p>\n<\/div><!--advertisement--><div class=\"mx-5 sm:mx-0 sm:text-3xl text-2xl font-medium title-font mb-4 text-gray-900 text-left\">\n<h2 class=\"wp-block-heading\" id=\"h-section-vi-duration-and-statutory-period\">Abschnitt VI \u2013 Dauer und gesetzliche Frist<\/h2>\n<\/div><div class=\"mx-5 sm:mx-0 prose leading-relaxed text-lg mb-5 text-left wp-paragraph\">\n<p>6.1 Dauer der Vertragslaufzeit<\/p>\n<\/div><div class=\"mx-5 sm:mx-0 prose leading-relaxed text-lg mb-5 text-left wp-paragraph\">\n<p>Die Allgemeinen Gesch\u00e4ftsbedingungen f\u00fcr die Nutzung des Emprego-Logos gelten auf unbestimmte Zeit.<\/p>\n<\/div><div class=\"mx-5 sm:mx-0 prose leading-relaxed text-lg mb-5 text-left wp-paragraph\">\n<p>6.2 Gesetzliche Frist f\u00fcr Rechtsstreitigkeiten<\/p>\n<\/div><div class=\"mx-5 sm:mx-0 prose leading-relaxed text-lg mb-5 text-left wp-paragraph\">\n<p>Jegliche rechtliche Schritte oder Verwaltungsverfahren im Zusammenhang mit der Verwendung des Emprego-Logos, wie in diesen Allgemeinen Nutzungsbedingungen oder in der Datenschutzerkl\u00e4rung festgelegt, m\u00fcssen innerhalb von 90 Tagen ab dem Datum des Vorfalls, der Anlass zur Beschwerde gab, eingeleitet werden.<\/p>\n<\/div><!--advertisement--><div class=\"mx-5 sm:mx-0 sm:text-3xl text-2xl font-medium title-font mb-4 text-gray-900 text-left\">\n<h2 class=\"wp-block-heading\" id=\"h-section-vii-applicable-law-and-jurisdiction\">Abschnitt VII \u2013 Anwendbares Recht und Gerichtsstand<\/h2>\n<\/div><div class=\"mx-5 sm:mx-0 prose leading-relaxed text-lg mb-5 text-left wp-paragraph\">\n<p>7.1 Rechtliche Regelung<\/p>\n<\/div><div class=\"mx-5 sm:mx-0 prose leading-relaxed text-lg mb-5 text-left wp-paragraph\">\n<p>Diese Allgemeinen Nutzungsbedingungen sowie die Datenschutzrichtlinie unterliegen der geltenden Gesetzgebung der F\u00f6derativen Republik Brasilien. Dies umfasst die Bundesverfassung, das Zivilgesetzbuch, das Verbraucherschutzgesetz, das Gesetz \u00fcber den zivilrechtlichen Rahmen f\u00fcr das Internet und das Allgemeine Datenschutzgesetz.<\/p>\n<\/div><div class=\"mx-5 sm:mx-0 prose leading-relaxed text-lg mb-5 text-left wp-paragraph\">\n<p>7.2 Forum zur Streitbeilegung<\/p>\n<\/div><div class=\"mx-5 sm:mx-0 prose leading-relaxed text-lg mb-5 text-left wp-paragraph\">\n<p>Die Parteien vereinbaren, dass alle Streitigkeiten im Zusammenhang mit der Auslegung oder Durchf\u00fchrung dieser Nutzungsbedingungen und der Datenschutzrichtlinie ausschlie\u00dflich von der Handelskammer Tallinn, Estland (Schiedsgericht der Estnischen Industrie- und Handelskammer) entschieden werden, wobei alle Angelegenheiten, die sich aus diesen Nutzungsbedingungen ergeben, abgedeckt sind.<\/p>\n<\/div><!--advertisement--><div class=\"mx-5 sm:mx-0 sm:text-3xl text-2xl font-medium title-font mb-4 text-gray-900 text-left\">\n<h2 class=\"wp-block-heading\" id=\"h-section-viii-intellectual-property-rights-and-responsibility\">Abschnitt VIII \u2013 Rechte und Verantwortlichkeiten im Bereich des geistigen Eigentums<\/h2>\n<\/div><div class=\"mx-5 sm:mx-0 prose leading-relaxed text-lg mb-5 text-left wp-paragraph\">\n<p>8.1 Rechte an geistigem Eigentum<\/p>\n<\/div><div class=\"mx-5 sm:mx-0 prose leading-relaxed text-lg mb-5 text-left wp-paragraph\">\n<p>S\u00e4mtliches auf Emprego Logo verf\u00fcgbares Material, das Eigentum von MinutoVip O\u00dc und seinen Kooperationspartnern ist, ist urheberrechtlich gesch\u00fctzt. Jegliche Vervielf\u00e4ltigung, Bearbeitung, Verbreitung, \u00f6ffentliche Wiedergabe oder Erstellung abgeleiteter Werke ohne die ausdr\u00fcckliche schriftliche Genehmigung von MinutoVip O\u00dc ist strengstens untersagt.<\/p>\n<\/div><div class=\"mx-5 sm:mx-0 prose leading-relaxed text-lg mb-5 text-left wp-paragraph\">\n<p>8.2 Haftungsausschluss<\/p>\n<\/div><div class=\"mx-5 sm:mx-0 prose leading-relaxed text-lg mb-5 text-left wp-paragraph\">\n<p>Emprego Logo \u00fcbernimmt keine Verantwortung f\u00fcr nutzergenerierte Inhalte, wie beispielsweise Beitr\u00e4ge in Foren oder sozialen Netzwerken. Dar\u00fcber hinaus haften wir nicht f\u00fcr direkte oder indirekte Sch\u00e4den, die durch die Nutzung der Website entstehen.<\/p>\n<\/div><div class=\"mx-5 sm:mx-0 prose leading-relaxed text-lg mb-5 text-left wp-paragraph\">\n<p>8.3 Kontrolle von Verst\u00f6\u00dfen<\/p>\n<\/div><div class=\"mx-5 sm:mx-0 prose leading-relaxed text-lg mb-5 text-left wp-paragraph\">\n<p>Emprego Logo beh\u00e4lt sich das Recht vor, jegliche Inhalte zu entfernen, die gegen diese Nutzungsbedingungen versto\u00dfen, insbesondere solche, die als illegal, beleidigend, verleumderisch oder die Rechte Dritter verletzend gelten. MinutoVip O\u00dc kann au\u00dferdem Benutzerkonten deaktivieren, die diesen Regeln nicht entsprechen.<\/p>\n<\/div><!--advertisement--><div class=\"mx-5 sm:mx-0 sm:text-3xl text-2xl font-medium title-font mb-4 text-gray-900 text-left\">\n<h2 class=\"wp-block-heading\" id=\"h-section-ix-modification-of-terms-and-conditions\">Abschnitt IX \u2013 \u00c4nderung der Allgemeinen Gesch\u00e4ftsbedingungen<\/h2>\n<\/div><div class=\"mx-5 sm:mx-0 prose leading-relaxed text-lg mb-5 text-left wp-paragraph\">\n<p>Emprego Logo beh\u00e4lt sich das Recht vor, seine Dienste jederzeit und ohne vorherige Ank\u00fcndigung ganz oder teilweise zu \u00e4ndern, auszusetzen oder einzustellen. In solchen F\u00e4llen ist Emprego Logo nicht verpflichtet, Nutzern oder Dritten Gr\u00fcnde oder Erkl\u00e4rungen zu den vorgenommenen \u00c4nderungen mitzuteilen.<\/p>\n<\/div><div class=\"mx-5 sm:mx-0 prose leading-relaxed text-lg mb-5 text-left wp-paragraph\">\n<p>Durch den Zugriff auf und die weitere Nutzung der Website erkl\u00e4ren Sie sich stillschweigend mit den ge\u00e4nderten Nutzungsbedingungen einverstanden. Sollten Sie mit den \u00c4nderungen nicht einverstanden sein, empfehlen wir Ihnen, die Nutzung der Website einzustellen.<\/p>\n<\/div><!--advertisement--><div class=\"mx-5 sm:mx-0 sm:text-3xl text-2xl font-medium title-font mb-4 text-gray-900 text-left\">\n<h2 class=\"wp-block-heading\" id=\"h-section-x-contact-information\">Abschnitt X \u2013 Kontaktinformationen<\/h2>\n<\/div><div class=\"mx-5 sm:mx-0 prose leading-relaxed text-lg mb-5 text-left wp-paragraph\">\n<p>Bei Fragen oder Anregungen zu unseren Dienstleistungen k\u00f6nnen Sie sich jederzeit an uns wenden. Besuchen Sie dazu bitte [Link einf\u00fcgen]. <a target=\"_blank\" href=\"https:\/\/empregologo.com\/de\/contact\/\" rel=\"noreferrer noopener\">https:\/\/empregologo.com\/contact<\/a> Senden Sie uns Ihre Fragen oder Ihr Feedback \u00fcber das Kontaktformular.<\/p>\n<\/div>","protected":false},"excerpt":{"rendered":"<p>Minuto Vip O\u00dc, eine estnische Gesellschaft mit beschr\u00e4nkter Haftung (GmbH, kurz O\u00dc), eingetragen unter der USt-IdNr. EE102618125 und mit Sitz in Tallinn, Kreis Harju, Bezirk Kesklinna, Rotermanni tn 14-32, 10111, ist die Urheberin, Inhaberin und Betreiberin des Emprego Logo Blogs, der unter der Domain https:\/\/empregologo.com\/ erreichbar ist. Emprego Logo ist f\u00fcr die Administration dieses Portals verantwortlich. <a class=\"more-link\" href=\"https:\/\/empregologo.com\/de\/terms\/\">Weiterlesen <span class=\"screen-reader-text\">Nutzungsbedingungen \u2013 Emprego-Logo<\/span><\/a><\/p>","protected":false},"author":6,"featured_media":0,"parent":0,"menu_order":0,"comment_status":"closed","ping_status":"closed","template":"","meta":{"footnotes":""},"yoast_head":"<!-- This site is optimized with the Yoast SEO plugin v23.3 - https:\/\/yoast.com\/wordpress\/plugins\/seo\/ -->\n<title>Terms of Use \u2013 Emprego Logo - Emprego Logo<\/title>\n<meta name=\"robots\" content=\"index, follow, max-snippet:-1, max-image-preview:large, max-video-preview:-1\" \/>\n<link rel=\"canonical\" href=\"https:\/\/empregologo.com\/de\/terms\/\" \/>\n<meta property=\"og:locale\" content=\"de_DE\" \/>\n<meta property=\"og:type\" content=\"article\" \/>\n<meta property=\"og:title\" content=\"Terms of Use \u2013 Emprego Logo - Emprego Logo\" \/>\n<meta property=\"og:description\" content=\"Minuto Vip O\u00dc, an Estonian limited liability company (LLC, also known as O\u00dc), registered under VAT EE102618125 and headquartered in Tallinn, Harju County, Tallinn, Kesklinna District, Rotermanni tn 14-32, 10111, is the creator, owner, and maintainer of the Emprego Logo blog, accessible through the domain https:\/\/empregologo.com\/.&nbsp; Emprego Logo is responsible for administering this portal. Whenever&hellip; Continue reading Terms of Use \u2013 Emprego Logo\" \/>\n<meta property=\"og:url\" content=\"https:\/\/empregologo.com\/de\/terms\/\" \/>\n<meta property=\"og:site_name\" content=\"Emprego Logo\" \/>\n<meta property=\"article:modified_time\" content=\"2024-08-19T21:54:21+00:00\" \/>\n<meta name=\"twitter:card\" content=\"summary_large_image\" \/>\n<meta name=\"twitter:label1\" content=\"Est. reading time\" \/>\n\t<meta name=\"twitter:data1\" content=\"7 Minuten\" \/>\n<script type=\"application\/ld+json\" class=\"yoast-schema-graph\">{\"@context\":\"https:\/\/schema.org\",\"@graph\":[{\"@type\":\"WebPage\",\"@id\":\"https:\/\/empregologo.com\/terms\/\",\"url\":\"https:\/\/empregologo.com\/terms\/\",\"name\":\"Terms of Use \u2013 Emprego Logo - Emprego Logo\",\"isPartOf\":{\"@id\":\"https:\/\/empregologo.com\/#website\"},\"datePublished\":\"2024-08-13T17:37:21+00:00\",\"dateModified\":\"2024-08-19T21:54:21+00:00\",\"breadcrumb\":{\"@id\":\"https:\/\/empregologo.com\/terms\/#breadcrumb\"},\"inLanguage\":\"de-CH\",\"potentialAction\":[{\"@type\":\"ReadAction\",\"target\":[\"https:\/\/empregologo.com\/terms\/\"]}]},{\"@type\":\"BreadcrumbList\",\"@id\":\"https:\/\/empregologo.com\/terms\/#breadcrumb\",\"itemListElement\":[{\"@type\":\"ListItem\",\"position\":1,\"name\":\"Home\",\"item\":\"https:\/\/empregologo.com\/\"},{\"@type\":\"ListItem\",\"position\":2,\"name\":\"Terms of Use \u2013 Emprego Logo\"}]},{\"@type\":\"WebSite\",\"@id\":\"https:\/\/empregologo.com\/#website\",\"url\":\"https:\/\/empregologo.com\/\",\"name\":\"Emprego Logo\",\"description\":\"\",\"potentialAction\":[{\"@type\":\"SearchAction\",\"target\":{\"@type\":\"EntryPoint\",\"urlTemplate\":\"https:\/\/empregologo.com\/?s={search_term_string}\"},\"query-input\":\"required name=search_term_string\"}],\"inLanguage\":\"de-CH\"}]}<\/script>\n<!-- \/ Yoast SEO plugin. -->","yoast_head_json":{"title":"Terms of Use \u2013 Emprego Logo - Emprego Logo","robots":{"index":"index","follow":"follow","max-snippet":"max-snippet:-1","max-image-preview":"max-image-preview:large","max-video-preview":"max-video-preview:-1"},"canonical":"https:\/\/empregologo.com\/de\/terms\/","og_locale":"de_DE","og_type":"article","og_title":"Terms of Use \u2013 Emprego Logo - Emprego Logo","og_description":"Minuto Vip O\u00dc, an Estonian limited liability company (LLC, also known as O\u00dc), registered under VAT EE102618125 and headquartered in Tallinn, Harju County, Tallinn, Kesklinna District, Rotermanni tn 14-32, 10111, is the creator, owner, and maintainer of the Emprego Logo blog, accessible through the domain https:\/\/empregologo.com\/.&nbsp; Emprego Logo is responsible for administering this portal. Whenever&hellip; Continue reading Terms of Use \u2013 Emprego Logo","og_url":"https:\/\/empregologo.com\/de\/terms\/","og_site_name":"Emprego Logo","article_modified_time":"2024-08-19T21:54:21+00:00","twitter_card":"summary_large_image","twitter_misc":{"Est. reading time":"7 Minuten"},"schema":{"@context":"https:\/\/schema.org","@graph":[{"@type":"WebPage","@id":"https:\/\/empregologo.com\/terms\/","url":"https:\/\/empregologo.com\/terms\/","name":"Terms of Use \u2013 Emprego Logo - Emprego Logo","isPartOf":{"@id":"https:\/\/empregologo.com\/#website"},"datePublished":"2024-08-13T17:37:21+00:00","dateModified":"2024-08-19T21:54:21+00:00","breadcrumb":{"@id":"https:\/\/empregologo.com\/terms\/#breadcrumb"},"inLanguage":"de-CH","potentialAction":[{"@type":"ReadAction","target":["https:\/\/empregologo.com\/terms\/"]}]},{"@type":"BreadcrumbList","@id":"https:\/\/empregologo.com\/terms\/#breadcrumb","itemListElement":[{"@type":"ListItem","position":1,"name":"Home","item":"https:\/\/empregologo.com\/"},{"@type":"ListItem","position":2,"name":"Terms of Use \u2013 Emprego Logo"}]},{"@type":"WebSite","@id":"https:\/\/empregologo.com\/#website","url":"https:\/\/empregologo.com\/","name":"Emprego Logo","description":"","potentialAction":[{"@type":"SearchAction","target":{"@type":"EntryPoint","urlTemplate":"https:\/\/empregologo.com\/?s={search_term_string}"},"query-input":"required name=search_term_string"}],"inLanguage":"de-CH"}]}},"_links":{"self":[{"href":"https:\/\/empregologo.com\/de\/wp-json\/wp\/v2\/pages\/270"}],"collection":[{"href":"https:\/\/empregologo.com\/de\/wp-json\/wp\/v2\/pages"}],"about":[{"href":"https:\/\/empregologo.com\/de\/wp-json\/wp\/v2\/types\/page"}],"author":[{"embeddable":true,"href":"https:\/\/empregologo.com\/de\/wp-json\/wp\/v2\/users\/6"}],"replies":[{"embeddable":true,"href":"https:\/\/empregologo.com\/de\/wp-json\/wp\/v2\/comments?post=270"}],"version-history":[{"count":2,"href":"https:\/\/empregologo.com\/de\/wp-json\/wp\/v2\/pages\/270\/revisions"}],"predecessor-version":[{"id":310,"href":"https:\/\/empregologo.com\/de\/wp-json\/wp\/v2\/pages\/270\/revisions\/310"}],"wp:attachment":[{"href":"https:\/\/empregologo.com\/de\/wp-json\/wp\/v2\/media?parent=270"}],"curies":[{"name":"wp","href":"https:\/\/api.w.org\/{rel}","templated":true}]}}