{"id":272,"date":"2024-08-13T17:41:49","date_gmt":"2024-08-13T17:41:49","guid":{"rendered":"http:\/\/empregologo.atpnd.com\/?page_id=272"},"modified":"2024-08-13T17:41:50","modified_gmt":"2024-08-13T17:41:50","slug":"about","status":"publish","type":"page","link":"https:\/\/empregologo.com\/de\/about\/","title":{"rendered":"\u00dcber uns"},"content":{"rendered":"<div class=\"mx-5 sm:mx-0 prose leading-relaxed text-lg mb-5 text-left wp-paragraph\">\n<p>Wir bei Emprego Logo glauben, dass jeder Tag eine neue Chance bietet, Ihre Karriere voranzubringen und beruflich erfolgreich zu sein. Unser Blog ist Ihre wichtigste Informationsquelle, um mehr \u00fcber Besch\u00e4ftigung, Karriereentwicklung und Strategien f\u00fcr den Erfolg auf dem Arbeitsmarkt zu erfahren. Wir bieten Ihnen die relevantesten Informationen und Tipps, damit Sie Ihren beruflichen Weg finden und sich im Wettbewerbsumfeld abheben k\u00f6nnen.<\/p>\n<\/div><!--advertisement--><div class=\"mx-5 sm:mx-0 sm:text-3xl text-2xl font-medium title-font mb-4 text-gray-900 text-left\">\n<h2 class=\"wp-block-heading\" id=\"h-who-we-are\">Wer wir sind<\/h2>\n<\/div><div class=\"mx-5 sm:mx-0 prose leading-relaxed text-lg mb-5 text-left wp-paragraph\">\n<p>Emprego Logo ist eine globale Plattform rund um die Arbeitswelt. Unser Team bietet Ihnen hochwertige und wertvolle Inhalte. Mit Blick auf globale Trends besteht unser Team aus Experten f\u00fcr Personalwesen, Karriere und berufliche Weiterentwicklung. Wir arbeiten t\u00e4glich daran, Ihnen Artikel, Ratgeber und Analysen bereitzustellen, die Sie optimal auf den Arbeitsmarkt vorbereiten und Ihnen helfen, Ihre beruflichen Ziele zu erreichen.<\/p>\n<\/div><!--advertisement--><div class=\"mx-5 sm:mx-0 sm:text-3xl text-2xl font-medium title-font mb-4 text-gray-900 text-left\">\n<h2 class=\"wp-block-heading\">Helfen Sie uns, uns zu verbessern<\/h2>\n<\/div><div class=\"mx-5 sm:mx-0 prose leading-relaxed text-lg mb-5 text-left wp-paragraph\">\n<p>Wir bei Emprego Logo legen gro\u00dfen Wert auf das Feedback unserer Leser. Ihre Meinung ist uns wichtig, um uns stetig zu verbessern und Ihnen die bestm\u00f6glichen Inhalte zu bieten. Wenn Sie Anregungen, Kritik oder Ideen zu Themen haben, die Sie gerne in unserem Blog lesen w\u00fcrden, z\u00f6gern Sie nicht, uns zu kontaktieren.<a target=\"_blank\" href=\"https:\/\/empregologo.com\/de\/contact\/\" rel=\"noreferrer noopener\"> http:\/\/empregologo.com\/contact\/<\/a>Wir freuen uns \u00fcber Ihre Meinungen!<\/p>\n<\/div>","protected":false},"excerpt":{"rendered":"<p>Wir bei Emprego Logo glauben, dass jeder Tag eine neue Chance bietet, Ihre Karriere voranzubringen und beruflich erfolgreich zu sein. Unser Blog ist Ihre wichtigste Informationsquelle, um mehr \u00fcber Besch\u00e4ftigung, Karriereentwicklung und Strategien f\u00fcr den Erfolg auf dem Arbeitsmarkt zu erfahren. Wir bieten Ihnen die relevantesten Informationen und Tipps, die Ihnen helfen, Ihren beruflichen Weg zu finden und sich zu positionieren. <a class=\"more-link\" href=\"https:\/\/empregologo.com\/de\/about\/\">Weiterlesen <span class=\"screen-reader-text\">\u00dcber uns<\/span><\/a><\/p>","protected":false},"author":6,"featured_media":0,"parent":0,"menu_order":0,"comment_status":"closed","ping_status":"closed","template":"","meta":{"footnotes":""},"yoast_head":"<!-- This site is optimized with the Yoast SEO plugin v23.3 - https:\/\/yoast.com\/wordpress\/plugins\/seo\/ -->\n<title>About Us - Emprego Logo<\/title>\n<meta name=\"robots\" content=\"index, follow, max-snippet:-1, max-image-preview:large, max-video-preview:-1\" \/>\n<link rel=\"canonical\" href=\"https:\/\/empregologo.com\/de\/about\/\" \/>\n<meta property=\"og:locale\" content=\"de_DE\" \/>\n<meta property=\"og:type\" content=\"article\" \/>\n<meta property=\"og:title\" content=\"About Us - Emprego Logo\" \/>\n<meta property=\"og:description\" content=\"At Emprego Logo, we believe every day is a new opportunity to advance your career and achieve professional success. Our blog is your essential resource for exploring employment, career development, and strategies for success in the job market. We provide the most relevant information and tips to help you find your professional path and stand&hellip; Continue reading About Us\" \/>\n<meta property=\"og:url\" content=\"https:\/\/empregologo.com\/de\/about\/\" \/>\n<meta property=\"og:site_name\" content=\"Emprego Logo\" \/>\n<meta property=\"article:modified_time\" content=\"2024-08-13T17:41:50+00:00\" \/>\n<meta name=\"twitter:card\" content=\"summary_large_image\" \/>\n<meta name=\"twitter:label1\" content=\"Est. reading time\" \/>\n\t<meta name=\"twitter:data1\" content=\"1 Minute\" \/>\n<script type=\"application\/ld+json\" class=\"yoast-schema-graph\">{\"@context\":\"https:\/\/schema.org\",\"@graph\":[{\"@type\":\"WebPage\",\"@id\":\"https:\/\/empregologo.com\/about\/\",\"url\":\"https:\/\/empregologo.com\/about\/\",\"name\":\"About Us - Emprego Logo\",\"isPartOf\":{\"@id\":\"https:\/\/empregologo.com\/#website\"},\"datePublished\":\"2024-08-13T17:41:49+00:00\",\"dateModified\":\"2024-08-13T17:41:50+00:00\",\"breadcrumb\":{\"@id\":\"https:\/\/empregologo.com\/about\/#breadcrumb\"},\"inLanguage\":\"de-CH\",\"potentialAction\":[{\"@type\":\"ReadAction\",\"target\":[\"https:\/\/empregologo.com\/about\/\"]}]},{\"@type\":\"BreadcrumbList\",\"@id\":\"https:\/\/empregologo.com\/about\/#breadcrumb\",\"itemListElement\":[{\"@type\":\"ListItem\",\"position\":1,\"name\":\"Home\",\"item\":\"https:\/\/empregologo.com\/\"},{\"@type\":\"ListItem\",\"position\":2,\"name\":\"About Us\"}]},{\"@type\":\"WebSite\",\"@id\":\"https:\/\/empregologo.com\/#website\",\"url\":\"https:\/\/empregologo.com\/\",\"name\":\"Emprego Logo\",\"description\":\"\",\"potentialAction\":[{\"@type\":\"SearchAction\",\"target\":{\"@type\":\"EntryPoint\",\"urlTemplate\":\"https:\/\/empregologo.com\/?s={search_term_string}\"},\"query-input\":\"required name=search_term_string\"}],\"inLanguage\":\"de-CH\"}]}<\/script>\n<!-- \/ Yoast SEO plugin. -->","yoast_head_json":{"title":"About Us - Emprego Logo","robots":{"index":"index","follow":"follow","max-snippet":"max-snippet:-1","max-image-preview":"max-image-preview:large","max-video-preview":"max-video-preview:-1"},"canonical":"https:\/\/empregologo.com\/de\/about\/","og_locale":"de_DE","og_type":"article","og_title":"About Us - Emprego Logo","og_description":"At Emprego Logo, we believe every day is a new opportunity to advance your career and achieve professional success. Our blog is your essential resource for exploring employment, career development, and strategies for success in the job market. We provide the most relevant information and tips to help you find your professional path and stand&hellip; Continue reading About Us","og_url":"https:\/\/empregologo.com\/de\/about\/","og_site_name":"Emprego Logo","article_modified_time":"2024-08-13T17:41:50+00:00","twitter_card":"summary_large_image","twitter_misc":{"Est. reading time":"1 Minute"},"schema":{"@context":"https:\/\/schema.org","@graph":[{"@type":"WebPage","@id":"https:\/\/empregologo.com\/about\/","url":"https:\/\/empregologo.com\/about\/","name":"About Us - Emprego Logo","isPartOf":{"@id":"https:\/\/empregologo.com\/#website"},"datePublished":"2024-08-13T17:41:49+00:00","dateModified":"2024-08-13T17:41:50+00:00","breadcrumb":{"@id":"https:\/\/empregologo.com\/about\/#breadcrumb"},"inLanguage":"de-CH","potentialAction":[{"@type":"ReadAction","target":["https:\/\/empregologo.com\/about\/"]}]},{"@type":"BreadcrumbList","@id":"https:\/\/empregologo.com\/about\/#breadcrumb","itemListElement":[{"@type":"ListItem","position":1,"name":"Home","item":"https:\/\/empregologo.com\/"},{"@type":"ListItem","position":2,"name":"About Us"}]},{"@type":"WebSite","@id":"https:\/\/empregologo.com\/#website","url":"https:\/\/empregologo.com\/","name":"Emprego Logo","description":"","potentialAction":[{"@type":"SearchAction","target":{"@type":"EntryPoint","urlTemplate":"https:\/\/empregologo.com\/?s={search_term_string}"},"query-input":"required name=search_term_string"}],"inLanguage":"de-CH"}]}},"_links":{"self":[{"href":"https:\/\/empregologo.com\/de\/wp-json\/wp\/v2\/pages\/272"}],"collection":[{"href":"https:\/\/empregologo.com\/de\/wp-json\/wp\/v2\/pages"}],"about":[{"href":"https:\/\/empregologo.com\/de\/wp-json\/wp\/v2\/types\/page"}],"author":[{"embeddable":true,"href":"https:\/\/empregologo.com\/de\/wp-json\/wp\/v2\/users\/6"}],"replies":[{"embeddable":true,"href":"https:\/\/empregologo.com\/de\/wp-json\/wp\/v2\/comments?post=272"}],"version-history":[{"count":1,"href":"https:\/\/empregologo.com\/de\/wp-json\/wp\/v2\/pages\/272\/revisions"}],"predecessor-version":[{"id":273,"href":"https:\/\/empregologo.com\/de\/wp-json\/wp\/v2\/pages\/272\/revisions\/273"}],"wp:attachment":[{"href":"https:\/\/empregologo.com\/de\/wp-json\/wp\/v2\/media?parent=272"}],"curies":[{"name":"wp","href":"https:\/\/api.w.org\/{rel}","templated":true}]}}