{"id":272,"date":"2024-08-13T17:41:49","date_gmt":"2024-08-13T17:41:49","guid":{"rendered":"http:\/\/empregologo.atpnd.com\/?page_id=272"},"modified":"2024-08-13T17:41:50","modified_gmt":"2024-08-13T17:41:50","slug":"about","status":"publish","type":"page","link":"https:\/\/empregologo.com\/es\/about\/","title":{"rendered":"Sobre nosotros"},"content":{"rendered":"<div class=\"mx-5 sm:mx-0 prose leading-relaxed text-lg mb-5 text-left wp-paragraph\">\n<p>En Emprego Logo creemos que cada d\u00eda es una nueva oportunidad para avanzar en tu carrera y alcanzar el \u00e9xito profesional. Nuestro blog es tu recurso esencial para explorar el empleo, el desarrollo profesional y las estrategias para triunfar en el mercado laboral. Te brindamos la informaci\u00f3n y los consejos m\u00e1s relevantes para ayudarte a encontrar tu camino profesional y destacar en un entorno competitivo.<\/p>\n<\/div><!--advertisement--><div class=\"mx-5 sm:mx-0 sm:text-3xl text-2xl font-medium title-font mb-4 text-gray-900 text-left\">\n<h2 class=\"wp-block-heading\" id=\"h-who-we-are\">Quienes somos<\/h2>\n<\/div><div class=\"mx-5 sm:mx-0 prose leading-relaxed text-lg mb-5 text-left wp-paragraph\">\n<p>Emprego Logo es una plataforma global dedicada al mundo laboral, con un equipo comprometido a brindar contenido valioso y de alta calidad para nuestros lectores. Con un ojo atento a las tendencias globales, nuestro equipo est\u00e1 formado por expertos en recursos humanos, carreras y desarrollo profesional. Trabajamos diariamente para entregar art\u00edculos, gu\u00edas y an\u00e1lisis que te ayuden a prepararte para el mercado laboral y alcanzar tus metas profesionales.<\/p>\n<\/div><!--advertisement--><div class=\"mx-5 sm:mx-0 sm:text-3xl text-2xl font-medium title-font mb-4 text-gray-900 text-left\">\n<h2 class=\"wp-block-heading\">Ay\u00fadanos a mejorar<\/h2>\n<\/div><div class=\"mx-5 sm:mx-0 prose leading-relaxed text-lg mb-5 text-left wp-paragraph\">\n<p>En Emprego Logo, valoramos mucho los comentarios de nuestros lectores. Tus aportes son fundamentales para seguir mejorando y ofrecer el mejor contenido posible. Si tienes sugerencias, cr\u00edticas o ideas sobre temas que quieres ver en nuestro blog, no dudes en contactarnos en<a target=\"_blank\" href=\"https:\/\/empregologo.com\/es\/contact\/\" rel=\"noreferrer noopener\"> http:\/\/empregologo.com\/contact\/<\/a>\u00a1Nos encanta escuchar tus opiniones!<\/p>\n<\/div>","protected":false},"excerpt":{"rendered":"<p>En Emprego Logo, creemos que cada d\u00eda es una nueva oportunidad para impulsar tu carrera y alcanzar el \u00e9xito profesional. Nuestro blog es tu recurso esencial para explorar el empleo, el desarrollo profesional y las estrategias para alcanzar el \u00e9xito en el mercado laboral. Te ofrecemos la informaci\u00f3n y los consejos m\u00e1s relevantes para ayudarte a encontrar tu camino profesional y destacar\u2026 <a class=\"more-link\" href=\"https:\/\/empregologo.com\/es\/about\/\">Sigue leyendo <span class=\"screen-reader-text\">Sobre nosotros<\/span><\/a><\/p>","protected":false},"author":6,"featured_media":0,"parent":0,"menu_order":0,"comment_status":"closed","ping_status":"closed","template":"","meta":{"footnotes":""},"yoast_head":"<!-- This site is optimized with the Yoast SEO plugin v23.3 - https:\/\/yoast.com\/wordpress\/plugins\/seo\/ -->\n<title>About Us - Emprego Logo<\/title>\n<meta name=\"robots\" content=\"index, follow, max-snippet:-1, max-image-preview:large, max-video-preview:-1\" \/>\n<link rel=\"canonical\" href=\"https:\/\/empregologo.com\/es\/about\/\" \/>\n<meta property=\"og:locale\" content=\"es_MX\" \/>\n<meta property=\"og:type\" content=\"article\" \/>\n<meta property=\"og:title\" content=\"About Us - Emprego Logo\" \/>\n<meta property=\"og:description\" content=\"At Emprego Logo, we believe every day is a new opportunity to advance your career and achieve professional success. Our blog is your essential resource for exploring employment, career development, and strategies for success in the job market. We provide the most relevant information and tips to help you find your professional path and stand&hellip; Continue reading About Us\" \/>\n<meta property=\"og:url\" content=\"https:\/\/empregologo.com\/es\/about\/\" \/>\n<meta property=\"og:site_name\" content=\"Emprego Logo\" \/>\n<meta property=\"article:modified_time\" content=\"2024-08-13T17:41:50+00:00\" \/>\n<meta name=\"twitter:card\" content=\"summary_large_image\" \/>\n<meta name=\"twitter:label1\" content=\"Est. reading time\" \/>\n\t<meta name=\"twitter:data1\" content=\"1 minuto\" \/>\n<script type=\"application\/ld+json\" class=\"yoast-schema-graph\">{\"@context\":\"https:\/\/schema.org\",\"@graph\":[{\"@type\":\"WebPage\",\"@id\":\"https:\/\/empregologo.com\/about\/\",\"url\":\"https:\/\/empregologo.com\/about\/\",\"name\":\"About Us - Emprego Logo\",\"isPartOf\":{\"@id\":\"https:\/\/empregologo.com\/#website\"},\"datePublished\":\"2024-08-13T17:41:49+00:00\",\"dateModified\":\"2024-08-13T17:41:50+00:00\",\"breadcrumb\":{\"@id\":\"https:\/\/empregologo.com\/about\/#breadcrumb\"},\"inLanguage\":\"es-MX\",\"potentialAction\":[{\"@type\":\"ReadAction\",\"target\":[\"https:\/\/empregologo.com\/about\/\"]}]},{\"@type\":\"BreadcrumbList\",\"@id\":\"https:\/\/empregologo.com\/about\/#breadcrumb\",\"itemListElement\":[{\"@type\":\"ListItem\",\"position\":1,\"name\":\"Home\",\"item\":\"https:\/\/empregologo.com\/\"},{\"@type\":\"ListItem\",\"position\":2,\"name\":\"About Us\"}]},{\"@type\":\"WebSite\",\"@id\":\"https:\/\/empregologo.com\/#website\",\"url\":\"https:\/\/empregologo.com\/\",\"name\":\"Emprego Logo\",\"description\":\"\",\"potentialAction\":[{\"@type\":\"SearchAction\",\"target\":{\"@type\":\"EntryPoint\",\"urlTemplate\":\"https:\/\/empregologo.com\/?s={search_term_string}\"},\"query-input\":\"required name=search_term_string\"}],\"inLanguage\":\"es-MX\"}]}<\/script>\n<!-- \/ Yoast SEO plugin. -->","yoast_head_json":{"title":"About Us - Emprego Logo","robots":{"index":"index","follow":"follow","max-snippet":"max-snippet:-1","max-image-preview":"max-image-preview:large","max-video-preview":"max-video-preview:-1"},"canonical":"https:\/\/empregologo.com\/es\/about\/","og_locale":"es_MX","og_type":"article","og_title":"About Us - Emprego Logo","og_description":"At Emprego Logo, we believe every day is a new opportunity to advance your career and achieve professional success. Our blog is your essential resource for exploring employment, career development, and strategies for success in the job market. We provide the most relevant information and tips to help you find your professional path and stand&hellip; Continue reading About Us","og_url":"https:\/\/empregologo.com\/es\/about\/","og_site_name":"Emprego Logo","article_modified_time":"2024-08-13T17:41:50+00:00","twitter_card":"summary_large_image","twitter_misc":{"Est. reading time":"1 minuto"},"schema":{"@context":"https:\/\/schema.org","@graph":[{"@type":"WebPage","@id":"https:\/\/empregologo.com\/about\/","url":"https:\/\/empregologo.com\/about\/","name":"About Us - Emprego Logo","isPartOf":{"@id":"https:\/\/empregologo.com\/#website"},"datePublished":"2024-08-13T17:41:49+00:00","dateModified":"2024-08-13T17:41:50+00:00","breadcrumb":{"@id":"https:\/\/empregologo.com\/about\/#breadcrumb"},"inLanguage":"es-MX","potentialAction":[{"@type":"ReadAction","target":["https:\/\/empregologo.com\/about\/"]}]},{"@type":"BreadcrumbList","@id":"https:\/\/empregologo.com\/about\/#breadcrumb","itemListElement":[{"@type":"ListItem","position":1,"name":"Home","item":"https:\/\/empregologo.com\/"},{"@type":"ListItem","position":2,"name":"About Us"}]},{"@type":"WebSite","@id":"https:\/\/empregologo.com\/#website","url":"https:\/\/empregologo.com\/","name":"Emprego Logo","description":"","potentialAction":[{"@type":"SearchAction","target":{"@type":"EntryPoint","urlTemplate":"https:\/\/empregologo.com\/?s={search_term_string}"},"query-input":"required name=search_term_string"}],"inLanguage":"es-MX"}]}},"_links":{"self":[{"href":"https:\/\/empregologo.com\/es\/wp-json\/wp\/v2\/pages\/272"}],"collection":[{"href":"https:\/\/empregologo.com\/es\/wp-json\/wp\/v2\/pages"}],"about":[{"href":"https:\/\/empregologo.com\/es\/wp-json\/wp\/v2\/types\/page"}],"author":[{"embeddable":true,"href":"https:\/\/empregologo.com\/es\/wp-json\/wp\/v2\/users\/6"}],"replies":[{"embeddable":true,"href":"https:\/\/empregologo.com\/es\/wp-json\/wp\/v2\/comments?post=272"}],"version-history":[{"count":1,"href":"https:\/\/empregologo.com\/es\/wp-json\/wp\/v2\/pages\/272\/revisions"}],"predecessor-version":[{"id":273,"href":"https:\/\/empregologo.com\/es\/wp-json\/wp\/v2\/pages\/272\/revisions\/273"}],"wp:attachment":[{"href":"https:\/\/empregologo.com\/es\/wp-json\/wp\/v2\/media?parent=272"}],"curies":[{"name":"wp","href":"https:\/\/api.w.org\/{rel}","templated":true}]}}