{"id":272,"date":"2024-08-13T17:41:49","date_gmt":"2024-08-13T17:41:49","guid":{"rendered":"http:\/\/empregologo.atpnd.com\/?page_id=272"},"modified":"2024-08-13T17:41:50","modified_gmt":"2024-08-13T17:41:50","slug":"about","status":"publish","type":"page","link":"https:\/\/empregologo.com\/it\/about\/","title":{"rendered":"Chi siamo"},"content":{"rendered":"<div class=\"mx-5 sm:mx-0 prose leading-relaxed text-lg mb-5 text-left wp-paragraph\">\n<p>Noi di Emprego Logo crediamo che ogni giorno sia una nuova opportunit\u00e0 per avanzare nella tua carriera e raggiungere il successo professionale. Il nostro blog \u00e8 una risorsa essenziale per esplorare opportunit\u00e0 di lavoro, sviluppo di carriera e strategie per avere successo nel mercato del lavoro. Forniamo le informazioni e i consigli pi\u00f9 pertinenti per aiutarti a trovare il tuo percorso professionale e a distinguerti in un ambiente competitivo.<\/p>\n<\/div><!--advertisement--><div class=\"mx-5 sm:mx-0 sm:text-3xl text-2xl font-medium title-font mb-4 text-gray-900 text-left\">\n<h2 class=\"wp-block-heading\" id=\"h-who-we-are\">Chi siamo<\/h2>\n<\/div><div class=\"mx-5 sm:mx-0 prose leading-relaxed text-lg mb-5 text-left wp-paragraph\">\n<p>Emprego Logo \u00e8 una piattaforma globale dedicata al mondo del lavoro, con un team impegnato a fornire contenuti di alta qualit\u00e0 e di valore ai nostri lettori. Con un occhio attento alle tendenze globali, il nostro team \u00e8 composto da esperti in risorse umane, carriere e sviluppo professionale. Lavoriamo quotidianamente per fornire articoli, guide e analisi che ti aiutino a prepararti al mercato del lavoro e a raggiungere i tuoi obiettivi professionali.<\/p>\n<\/div><!--advertisement--><div class=\"mx-5 sm:mx-0 sm:text-3xl text-2xl font-medium title-font mb-4 text-gray-900 text-left\">\n<h2 class=\"wp-block-heading\">Aiutaci a migliorare<\/h2>\n<\/div><div class=\"mx-5 sm:mx-0 prose leading-relaxed text-lg mb-5 text-left wp-paragraph\">\n<p>Noi di Emprego Logo diamo grande importanza al feedback dei nostri lettori. Il vostro contributo \u00e8 fondamentale per continuare a migliorare e offrire i migliori contenuti possibili. Se avete suggerimenti, critiche o idee su argomenti che vorreste vedere sul nostro blog, non esitate a contattarci all&#039;indirizzo<a target=\"_blank\" href=\"https:\/\/empregologo.com\/it\/contact\/\" rel=\"noreferrer noopener\"> http:\/\/empregologo.com\/contact\/<\/a>Ci piace sentire le vostre opinioni!<\/p>\n<\/div>","protected":false},"excerpt":{"rendered":"<p>Noi di Emprego Logo crediamo che ogni giorno sia una nuova opportunit\u00e0 per avanzare nella tua carriera e raggiungere il successo professionale. Il nostro blog \u00e8 una risorsa essenziale per esplorare opportunit\u00e0 di lavoro, sviluppo di carriera e strategie per avere successo nel mercato del lavoro. Forniamo le informazioni e i consigli pi\u00f9 pertinenti per aiutarti a trovare il tuo percorso professionale e a distinguerti... <a class=\"more-link\" href=\"https:\/\/empregologo.com\/it\/about\/\">Continua a leggere <span class=\"screen-reader-text\">Chi siamo<\/span><\/a><\/p>","protected":false},"author":6,"featured_media":0,"parent":0,"menu_order":0,"comment_status":"closed","ping_status":"closed","template":"","meta":{"footnotes":""},"yoast_head":"<!-- This site is optimized with the Yoast SEO plugin v23.3 - https:\/\/yoast.com\/wordpress\/plugins\/seo\/ -->\n<title>About Us - Emprego Logo<\/title>\n<meta name=\"robots\" content=\"index, follow, max-snippet:-1, max-image-preview:large, max-video-preview:-1\" \/>\n<link rel=\"canonical\" href=\"https:\/\/empregologo.com\/it\/about\/\" \/>\n<meta property=\"og:locale\" content=\"it_IT\" \/>\n<meta property=\"og:type\" content=\"article\" \/>\n<meta property=\"og:title\" content=\"About Us - Emprego Logo\" \/>\n<meta property=\"og:description\" content=\"At Emprego Logo, we believe every day is a new opportunity to advance your career and achieve professional success. Our blog is your essential resource for exploring employment, career development, and strategies for success in the job market. We provide the most relevant information and tips to help you find your professional path and stand&hellip; Continue reading About Us\" \/>\n<meta property=\"og:url\" content=\"https:\/\/empregologo.com\/it\/about\/\" \/>\n<meta property=\"og:site_name\" content=\"Emprego Logo\" \/>\n<meta property=\"article:modified_time\" content=\"2024-08-13T17:41:50+00:00\" \/>\n<meta name=\"twitter:card\" content=\"summary_large_image\" \/>\n<meta name=\"twitter:label1\" content=\"Est. reading time\" \/>\n\t<meta name=\"twitter:data1\" content=\"1 minuto\" \/>\n<script type=\"application\/ld+json\" class=\"yoast-schema-graph\">{\"@context\":\"https:\/\/schema.org\",\"@graph\":[{\"@type\":\"WebPage\",\"@id\":\"https:\/\/empregologo.com\/about\/\",\"url\":\"https:\/\/empregologo.com\/about\/\",\"name\":\"About Us - Emprego Logo\",\"isPartOf\":{\"@id\":\"https:\/\/empregologo.com\/#website\"},\"datePublished\":\"2024-08-13T17:41:49+00:00\",\"dateModified\":\"2024-08-13T17:41:50+00:00\",\"breadcrumb\":{\"@id\":\"https:\/\/empregologo.com\/about\/#breadcrumb\"},\"inLanguage\":\"it-IT\",\"potentialAction\":[{\"@type\":\"ReadAction\",\"target\":[\"https:\/\/empregologo.com\/about\/\"]}]},{\"@type\":\"BreadcrumbList\",\"@id\":\"https:\/\/empregologo.com\/about\/#breadcrumb\",\"itemListElement\":[{\"@type\":\"ListItem\",\"position\":1,\"name\":\"Home\",\"item\":\"https:\/\/empregologo.com\/\"},{\"@type\":\"ListItem\",\"position\":2,\"name\":\"About Us\"}]},{\"@type\":\"WebSite\",\"@id\":\"https:\/\/empregologo.com\/#website\",\"url\":\"https:\/\/empregologo.com\/\",\"name\":\"Emprego Logo\",\"description\":\"\",\"potentialAction\":[{\"@type\":\"SearchAction\",\"target\":{\"@type\":\"EntryPoint\",\"urlTemplate\":\"https:\/\/empregologo.com\/?s={search_term_string}\"},\"query-input\":\"required name=search_term_string\"}],\"inLanguage\":\"it-IT\"}]}<\/script>\n<!-- \/ Yoast SEO plugin. -->","yoast_head_json":{"title":"About Us - Emprego Logo","robots":{"index":"index","follow":"follow","max-snippet":"max-snippet:-1","max-image-preview":"max-image-preview:large","max-video-preview":"max-video-preview:-1"},"canonical":"https:\/\/empregologo.com\/it\/about\/","og_locale":"it_IT","og_type":"article","og_title":"About Us - Emprego Logo","og_description":"At Emprego Logo, we believe every day is a new opportunity to advance your career and achieve professional success. Our blog is your essential resource for exploring employment, career development, and strategies for success in the job market. We provide the most relevant information and tips to help you find your professional path and stand&hellip; Continue reading About Us","og_url":"https:\/\/empregologo.com\/it\/about\/","og_site_name":"Emprego Logo","article_modified_time":"2024-08-13T17:41:50+00:00","twitter_card":"summary_large_image","twitter_misc":{"Est. reading time":"1 minuto"},"schema":{"@context":"https:\/\/schema.org","@graph":[{"@type":"WebPage","@id":"https:\/\/empregologo.com\/about\/","url":"https:\/\/empregologo.com\/about\/","name":"About Us - Emprego Logo","isPartOf":{"@id":"https:\/\/empregologo.com\/#website"},"datePublished":"2024-08-13T17:41:49+00:00","dateModified":"2024-08-13T17:41:50+00:00","breadcrumb":{"@id":"https:\/\/empregologo.com\/about\/#breadcrumb"},"inLanguage":"it-IT","potentialAction":[{"@type":"ReadAction","target":["https:\/\/empregologo.com\/about\/"]}]},{"@type":"BreadcrumbList","@id":"https:\/\/empregologo.com\/about\/#breadcrumb","itemListElement":[{"@type":"ListItem","position":1,"name":"Home","item":"https:\/\/empregologo.com\/"},{"@type":"ListItem","position":2,"name":"About Us"}]},{"@type":"WebSite","@id":"https:\/\/empregologo.com\/#website","url":"https:\/\/empregologo.com\/","name":"Emprego Logo","description":"","potentialAction":[{"@type":"SearchAction","target":{"@type":"EntryPoint","urlTemplate":"https:\/\/empregologo.com\/?s={search_term_string}"},"query-input":"required name=search_term_string"}],"inLanguage":"it-IT"}]}},"_links":{"self":[{"href":"https:\/\/empregologo.com\/it\/wp-json\/wp\/v2\/pages\/272"}],"collection":[{"href":"https:\/\/empregologo.com\/it\/wp-json\/wp\/v2\/pages"}],"about":[{"href":"https:\/\/empregologo.com\/it\/wp-json\/wp\/v2\/types\/page"}],"author":[{"embeddable":true,"href":"https:\/\/empregologo.com\/it\/wp-json\/wp\/v2\/users\/6"}],"replies":[{"embeddable":true,"href":"https:\/\/empregologo.com\/it\/wp-json\/wp\/v2\/comments?post=272"}],"version-history":[{"count":1,"href":"https:\/\/empregologo.com\/it\/wp-json\/wp\/v2\/pages\/272\/revisions"}],"predecessor-version":[{"id":273,"href":"https:\/\/empregologo.com\/it\/wp-json\/wp\/v2\/pages\/272\/revisions\/273"}],"wp:attachment":[{"href":"https:\/\/empregologo.com\/it\/wp-json\/wp\/v2\/media?parent=272"}],"curies":[{"name":"wp","href":"https:\/\/api.w.org\/{rel}","templated":true}]}}