{"id":270,"date":"2024-08-13T17:37:21","date_gmt":"2024-08-13T17:37:21","guid":{"rendered":"http:\/\/empregologo.atpnd.com\/?page_id=270"},"modified":"2024-08-19T21:54:21","modified_gmt":"2024-08-19T21:54:21","slug":"terms","status":"publish","type":"page","link":"https:\/\/empregologo.com\/pt\/terms\/","title":{"rendered":"Termos de Uso \u2013 Logotipo da Emprego"},"content":{"rendered":"<div class=\"mx-5 sm:mx-0 prose leading-relaxed text-lg mb-5 text-left wp-paragraph\">\n<p>A Minuto Vip O\u00dc, uma sociedade de responsabilidade limitada estoniana (LLC, tamb\u00e9m conhecida como O\u00dc), registrada sob o n\u00famero de IVA EE102618125 e com sede em Tallinn, Condado de Harju, Distrito de Kesklinna, Rotermanni tn 14-32, 10111, \u00e9 a criadora, propriet\u00e1ria e mantenedora do blog Emprego Logo, acess\u00edvel atrav\u00e9s do dom\u00ednio<a target=\"_blank\" href=\"https:\/\/empregologo.com\/pt\/\" rel=\"noreferrer noopener\"> https:\/\/empregologo.com\/<\/a>.&nbsp;<\/p>\n<\/div><div class=\"mx-5 sm:mx-0 prose leading-relaxed text-lg mb-5 text-left wp-paragraph\">\n<p>A Emprego Logo \u00e9 respons\u00e1vel pela administra\u00e7\u00e3o deste portal. Sempre que utilizarmos os termos \u201cn\u00f3s\u201d, \u201cnosso\u201d ou \u201cnossos\u201d, estaremos nos referindo \u00e0 Emprego Logo. Este portal, gerenciado pela Emprego Logo, oferece uma ampla gama de informa\u00e7\u00f5es, servi\u00e7os e conte\u00fado, e ao acess\u00e1-lo, voc\u00ea concorda com todos os nossos termos, condi\u00e7\u00f5es e pol\u00edticas.<\/p>\n<\/div><div class=\"mx-5 sm:mx-0 prose leading-relaxed text-lg mb-5 text-left wp-paragraph\">\n<p>O Emprego Logo destaca-se como uma fonte confi\u00e1vel de informa\u00e7\u00f5es e an\u00e1lises detalhadas de diversas oportunidades de emprego, tanto locais quanto internacionais.<\/p>\n<\/div><div class=\"mx-5 sm:mx-0 prose leading-relaxed text-lg mb-5 text-left wp-paragraph\">\n<p>Ressaltamos que o uso deste site est\u00e1 condicionado \u00e0 sua aceita\u00e7\u00e3o dos Termos de Uso descritos aqui e da Pol\u00edtica de Privacidade do Emprego Logo, dispon\u00edvel em [link para a Pol\u00edtica de Privacidade].<a target=\"_blank\" href=\"https:\/\/empregologo.com\/pt\/privacy\/\" rel=\"noreferrer noopener\"> https:\/\/empregologo.com\/privacy\/<\/a>, conforme a legisla\u00e7\u00e3o aplic\u00e1vel.<\/p>\n<\/div><div class=\"mx-5 sm:mx-0 prose leading-relaxed text-lg mb-5 text-left wp-paragraph\">\n<p>Os Termos e Condi\u00e7\u00f5es Gerais de Uso descritos abaixo t\u00eam como objetivo definir as obriga\u00e7\u00f5es, responsabilidades e direitos de todos os usu\u00e1rios que acessam ou utilizam o site Emprego Logo, conforme detalhado a seguir.<\/p>\n<\/div><div class=\"mx-5 sm:mx-0 prose leading-relaxed text-lg mb-5 text-left wp-paragraph\">\n<p>\u00c9 essencial que voc\u00ea leia atentamente nossos Termos de Uso. Caso n\u00e3o concorde com algum dos termos estabelecidos, solicitamos que n\u00e3o utilize os servi\u00e7os oferecidos pela Emprego Logo.<\/p>\n<\/div><!--advertisement--><div class=\"mx-5 sm:mx-0 sm:text-3xl text-2xl font-medium title-font mb-4 text-gray-900 text-left\">\n<h2 class=\"wp-block-heading\" id=\"h-section-i-access-to-emprego-logo\">Se\u00e7\u00e3o I \u2013 Acesso ao logotipo da Emprego<\/h2>\n<\/div><div class=\"mx-5 sm:mx-0 prose leading-relaxed text-lg mb-5 text-left wp-paragraph\">\n<p>1.1 Ao acessar e usar o Emprego Logo, voc\u00ea, como usu\u00e1rio, concorda em cumprir os Termos e Condi\u00e7\u00f5es Gerais de Uso e a Pol\u00edtica de Privacidade do site.<\/p>\n<\/div><div class=\"mx-5 sm:mx-0 prose leading-relaxed text-lg mb-5 text-left wp-paragraph\">\n<p>1.2 Ao usar o Emprego Logo, voc\u00ea confirma que tem pelo menos 18 anos de idade e plena capacidade legal para aceitar e cumprir os Termos e Condi\u00e7\u00f5es de Uso.<\/p>\n<\/div><div class=\"mx-5 sm:mx-0 prose leading-relaxed text-lg mb-5 text-left wp-paragraph\">\n<p>1.3 Se voc\u00ea n\u00e3o atender aos requisitos de idade e capacidade legal mencionados, ou se n\u00e3o concordar com os Termos e Condi\u00e7\u00f5es de Uso, dever\u00e1 interromper o acesso e o uso dos servi\u00e7os oferecidos pelo Emprego Logo e quaisquer sites ou servi\u00e7os vinculados.<\/p>\n<\/div><!--advertisement--><div class=\"mx-5 sm:mx-0 sm:text-3xl text-2xl font-medium title-font mb-4 text-gray-900 text-left\">\n<h2 class=\"wp-block-heading\" id=\"h-section-ii-contact\">Se\u00e7\u00e3o II \u2013 Contato<\/h2>\n<\/div><div class=\"mx-5 sm:mx-0 prose leading-relaxed text-lg mb-5 text-left wp-paragraph\">\n<p>2.1 Os usu\u00e1rios podem utilizar o servi\u00e7o de suporte para esclarecer d\u00favidas, resolver problemas, fazer reclama\u00e7\u00f5es ou solicitar informa\u00e7\u00f5es adicionais sobre os produtos e servi\u00e7os oferecidos pela Emprego Logo.<\/p>\n<\/div><div class=\"mx-5 sm:mx-0 prose leading-relaxed text-lg mb-5 text-left wp-paragraph\">\n<p>2.2 Para entrar em contato, os usu\u00e1rios devem preencher o formul\u00e1rio em <a style=\" color:;\" href=\"https:\/\/empregologo.com\/pt\/contact\/\" target=\"_blank\" rel=\"noreferrer noopener\">https:\/\/empregologo.com\/contact\/<\/a>.\u00a0<\/p>\n<\/div><!--advertisement--><div class=\"mx-5 sm:mx-0 sm:text-3xl text-2xl font-medium title-font mb-4 text-gray-900 text-left\">\n<h2 class=\"wp-block-heading\" id=\"h-section-iii-responsibilities-of-the-parties\">Se\u00e7\u00e3o III \u2013 Responsabilidades das Partes<\/h2>\n<\/div><div class=\"mx-5 sm:mx-0 prose leading-relaxed text-lg mb-5 text-left wp-paragraph\">\n<p>3.1 Aceita\u00e7\u00e3o dos Termos e da Pol\u00edtica de Privacidade<\/p>\n<\/div><div class=\"mx-5 sm:mx-0 prose leading-relaxed text-lg mb-5 text-left wp-paragraph\">\n<p>Ao usar o Emprego Logo, voc\u00ea confirma que leu, entendeu e concorda com os termos apresentados, bem como com os Termos de Uso e a Pol\u00edtica de Privacidade.<\/p>\n<\/div><div class=\"mx-5 sm:mx-0 prose leading-relaxed text-lg mb-5 text-left wp-paragraph\">\n<p>3.2 Links para Sites Externos<\/p>\n<\/div><div class=\"mx-5 sm:mx-0 prose leading-relaxed text-lg mb-5 text-left wp-paragraph\">\n<p>O Emprego Logo fornece links para sites de terceiros, permitindo que voc\u00ea contrate servi\u00e7os ou compre produtos de parceiros sem o envolvimento direto do Emprego Logo nessas transa\u00e7\u00f5es.<\/p>\n<\/div><div class=\"mx-5 sm:mx-0 prose leading-relaxed text-lg mb-5 text-left wp-paragraph\">\n<p>3.3 Condi\u00e7\u00f5es do Site do Parceiro<\/p>\n<\/div><div class=\"mx-5 sm:mx-0 prose leading-relaxed text-lg mb-5 text-left wp-paragraph\">\n<p>Ao acessar sites parceiros, voc\u00ea concorda em aceitar os termos de uso e as pol\u00edticas de privacidade espec\u00edficos de cada site.<\/p>\n<\/div><div class=\"mx-5 sm:mx-0 prose leading-relaxed text-lg mb-5 text-left wp-paragraph\">\n<p>3.4 Isen\u00e7\u00e3o de responsabilidade por conte\u00fado de terceiros<\/p>\n<\/div><div class=\"mx-5 sm:mx-0 prose leading-relaxed text-lg mb-5 text-left wp-paragraph\">\n<p>A Emprego Logo n\u00e3o se responsabiliza por quaisquer termos, pol\u00edticas, informa\u00e7\u00f5es ou conte\u00fado fornecidos por terceiros, nem por transa\u00e7\u00f5es realizadas com terceiros.<\/p>\n<\/div><div class=\"mx-5 sm:mx-0 prose leading-relaxed text-lg mb-5 text-left wp-paragraph\">\n<p>3.5 Prote\u00e7\u00e3o contra software malicioso<\/p>\n<\/div><div class=\"mx-5 sm:mx-0 prose leading-relaxed text-lg mb-5 text-left wp-paragraph\">\n<p>N\u00e3o nos responsabilizamos por danos causados por v\u00edrus ou outros malwares adquiridos durante a navega\u00e7\u00e3o na internet. Para sua prote\u00e7\u00e3o, recomendamos o uso de um software antiv\u00edrus atualizado.<\/p>\n<\/div><div class=\"mx-5 sm:mx-0 prose leading-relaxed text-lg mb-5 text-left wp-paragraph\">\n<p>3.6 Limita\u00e7\u00e3o de Responsabilidade<\/p>\n<\/div><div class=\"mx-5 sm:mx-0 prose leading-relaxed text-lg mb-5 text-left wp-paragraph\">\n<p>O Emprego Logo n\u00e3o se responsabiliza por danos resultantes do uso indevido do site ou por eventos de for\u00e7a maior.<\/p>\n<\/div><div class=\"mx-5 sm:mx-0 prose leading-relaxed text-lg mb-5 text-left wp-paragraph\">\n<p>3.7 Transa\u00e7\u00f5es Financeiras<\/p>\n<\/div><div class=\"mx-5 sm:mx-0 prose leading-relaxed text-lg mb-5 text-left wp-paragraph\">\n<p>O Emprego Logo n\u00e3o solicita pagamentos, dep\u00f3sitos ou transfer\u00eancias banc\u00e1rias para liberar produtos ou servi\u00e7os financeiros.<\/p>\n<\/div><div class=\"mx-5 sm:mx-0 prose leading-relaxed text-lg mb-5 text-left wp-paragraph\">\n<p>3.8 Alertas de seguran\u00e7a<\/p>\n<\/div><div class=\"mx-5 sm:mx-0 prose leading-relaxed text-lg mb-5 text-left wp-paragraph\">\n<p>N\u00e3o enviamos e-mails solicitando informa\u00e7\u00f5es pessoais, cadastros ou contendo anexos execut\u00e1veis. Caso receba mensagens desse tipo, entre em contato conosco atrav\u00e9s do nosso formul\u00e1rio de contato, dispon\u00edvel em [inserir link aqui]. <a target=\"_blank\" href=\"https:\/\/empregologo.com\/pt\/contact\/\" rel=\"noreferrer noopener\">https:\/\/empregologo.com\/contact\/<\/a>.<\/p>\n<\/div><!--advertisement--><div class=\"mx-5 sm:mx-0 sm:text-3xl text-2xl font-medium title-font mb-4 text-gray-900 text-left\">\n<h2 class=\"wp-block-heading\" id=\"h-section-iv-usage-rules-and-prohibitions\">Se\u00e7\u00e3o IV \u2013 Regras e proibi\u00e7\u00f5es de uso<\/h2>\n<\/div><div class=\"mx-5 sm:mx-0 prose leading-relaxed text-lg mb-5 text-left wp-paragraph\">\n<p>Nossos Termos de Servi\u00e7o estabelecem diretrizes espec\u00edficas sobre o uso adequado do nosso site e seu conte\u00fado. \u00c9 expressamente proibido:<\/p>\n<\/div><div class=\"mx-5 sm:mx-0 prose text-left mb-5\">\n<ul><div class=\"mx-5 sm:mx-0 prose text-left mb-5\">\n<li>Utilizar o site para a promo\u00e7\u00e3o ou execu\u00e7\u00e3o de a\u00e7\u00f5es ilegais, ou para apoiar tais atividades.<\/li>\n<\/div>\n\n<div class=\"mx-5 sm:mx-0 prose text-left mb-5\">\n<li>Violar leis ou regulamentos, sejam eles locais, estaduais, nacionais ou internacionais.<\/li>\n<\/div>\n\n<div class=\"mx-5 sm:mx-0 prose text-left mb-5\">\n<li>Violar direitos de propriedade intelectual, sejam nossos ou de terceiros.<\/li>\n<\/div>\n\n<div class=\"mx-5 sm:mx-0 prose text-left mb-5\">\n<li>Praticar ass\u00e9dio, abuso, difama\u00e7\u00e3o, intimida\u00e7\u00e3o ou discrimina\u00e7\u00e3o com base em g\u00eanero, orienta\u00e7\u00e3o sexual, religi\u00e3o, etnia, ra\u00e7a, idade, nacionalidade ou defici\u00eancia.<\/li>\n<\/div>\n\n<div class=\"mx-5 sm:mx-0 prose text-left mb-5\">\n<li>Publicar ou divulgar informa\u00e7\u00f5es falsas ou enganosas.<\/li>\n<\/div>\n\n<div class=\"mx-5 sm:mx-0 prose text-left mb-5\">\n<li>Distribuir v\u00edrus ou c\u00f3digos maliciosos que possam comprometer o funcionamento do Servi\u00e7o, sites relacionados ou a internet em geral.<\/li>\n<\/div>\n\n<div class=\"mx-5 sm:mx-0 prose text-left mb-5\">\n<li>Coletar ou monitorar informa\u00e7\u00f5es pessoais de terceiros sem o devido consentimento.<\/li>\n<\/div>\n\n<div class=\"mx-5 sm:mx-0 prose text-left mb-5\">\n<li>Envolver-se em pr\u00e1ticas de spam, phishing, pharming, pretexting, spidering, crawling ou scraping.<\/li>\n<\/div>\n\n<div class=\"mx-5 sm:mx-0 prose text-left mb-5\">\n<li>Utilize o site para atividades obscenas ou imorais.<\/li>\n<\/div>\n\n<div class=\"mx-5 sm:mx-0 prose text-left mb-5\">\n<li>Tentativa de contornar as medidas de seguran\u00e7a implementadas no Servi\u00e7o ou em sites associados.<\/li>\n<\/div><\/ul>\n<\/div><div class=\"mx-5 sm:mx-0 prose leading-relaxed text-lg mb-5 text-left wp-paragraph\">\n<p>Reservamo-nos o direito de suspender ou encerrar seu acesso ao nosso Servi\u00e7o e a quaisquer sites associados caso voc\u00ea viole estas regras.<\/p>\n<\/div><!--advertisement--><div class=\"mx-5 sm:mx-0 sm:text-3xl text-2xl font-medium title-font mb-4 text-gray-900 text-left\">\n<h2 class=\"wp-block-heading\" id=\"h-section-v-limitations-of-liability-and-warranties\">Se\u00e7\u00e3o V \u2013 Limita\u00e7\u00f5es de Responsabilidade e Garantias<\/h2>\n<\/div><div class=\"mx-5 sm:mx-0 prose leading-relaxed text-lg mb-5 text-left wp-paragraph\">\n<p>\u00c9 importante compreender que o acesso ao nosso Servi\u00e7o pode ser ocasional e n\u00e3o garantimos que seja totalmente seguro ou isento de falhas. N\u00e3o asseguramos a exatid\u00e3o ou a fiabilidade dos resultados obtidos com a utiliza\u00e7\u00e3o do Servi\u00e7o.<\/p>\n<\/div><div class=\"mx-5 sm:mx-0 prose leading-relaxed text-lg mb-5 text-left wp-paragraph\">\n<p>O servi\u00e7o poder\u00e1 ser interrompido ou descontinuado sem aviso pr\u00e9vio.<\/p>\n<\/div><div class=\"mx-5 sm:mx-0 prose leading-relaxed text-lg mb-5 text-left wp-paragraph\">\n<p>Voc\u00ea concorda que \u00e9 respons\u00e1vel por usar ou n\u00e3o poder usar o Servi\u00e7o. O Servi\u00e7o \u00e9 fornecido &quot;como est\u00e1&quot; e &quot;conforme dispon\u00edvel&quot;, sem garantias expl\u00edcitas ou impl\u00edcitas.<\/p>\n<\/div><div class=\"mx-5 sm:mx-0 prose leading-relaxed text-lg mb-5 text-left wp-paragraph\">\n<p>A Emprego Logo e seus representantes n\u00e3o ser\u00e3o respons\u00e1veis por quaisquer danos, perdas ou reclama\u00e7\u00f5es resultantes do uso do Servi\u00e7o, incluindo, entre outros, perda de lucros, dados ou outras perdas intang\u00edveis decorrentes do uso de qualquer servi\u00e7o ou produto fornecido pela Emprego Logo.<\/p>\n<\/div><div class=\"mx-5 sm:mx-0 prose leading-relaxed text-lg mb-5 text-left wp-paragraph\">\n<p>Nas jurisdi\u00e7\u00f5es em que a exclus\u00e3o ou limita\u00e7\u00e3o de responsabilidade por danos indiretos ou incidentais n\u00e3o \u00e9 permitida, nossa responsabilidade ser\u00e1 limitada ao m\u00e1ximo permitido pela legisla\u00e7\u00e3o aplic\u00e1vel.<\/p>\n<\/div><!--advertisement--><div class=\"mx-5 sm:mx-0 sm:text-3xl text-2xl font-medium title-font mb-4 text-gray-900 text-left\">\n<h2 class=\"wp-block-heading\" id=\"h-section-vi-duration-and-statutory-period\">Se\u00e7\u00e3o VI \u2013 Dura\u00e7\u00e3o e Per\u00edodo Legal<\/h2>\n<\/div><div class=\"mx-5 sm:mx-0 prose leading-relaxed text-lg mb-5 text-left wp-paragraph\">\n<p>6.1 Dura\u00e7\u00e3o dos Termos<\/p>\n<\/div><div class=\"mx-5 sm:mx-0 prose leading-relaxed text-lg mb-5 text-left wp-paragraph\">\n<p>Os Termos e Condi\u00e7\u00f5es Gerais de Utiliza\u00e7\u00e3o do Logotipo Emprego s\u00e3o v\u00e1lidos por tempo indeterminado.<\/p>\n<\/div><div class=\"mx-5 sm:mx-0 prose leading-relaxed text-lg mb-5 text-left wp-paragraph\">\n<p>6.2 Prazo legal para a\u00e7\u00f5es judiciais<\/p>\n<\/div><div class=\"mx-5 sm:mx-0 prose leading-relaxed text-lg mb-5 text-left wp-paragraph\">\n<p>Qualquer a\u00e7\u00e3o judicial ou procedimento administrativo relacionado ao uso do Emprego Logo, conforme estipulado nestes Termos Gerais de Uso ou na Pol\u00edtica de Privacidade, dever\u00e1 ser iniciado em at\u00e9 90 dias a partir da data do incidente que deu origem \u00e0 reclama\u00e7\u00e3o.<\/p>\n<\/div><!--advertisement--><div class=\"mx-5 sm:mx-0 sm:text-3xl text-2xl font-medium title-font mb-4 text-gray-900 text-left\">\n<h2 class=\"wp-block-heading\" id=\"h-section-vii-applicable-law-and-jurisdiction\">Se\u00e7\u00e3o VII \u2013 Lei Aplic\u00e1vel e Jurisdi\u00e7\u00e3o<\/h2>\n<\/div><div class=\"mx-5 sm:mx-0 prose leading-relaxed text-lg mb-5 text-left wp-paragraph\">\n<p>7.1 Regulamenta\u00e7\u00e3o Legal<\/p>\n<\/div><div class=\"mx-5 sm:mx-0 prose leading-relaxed text-lg mb-5 text-left wp-paragraph\">\n<p>Estes Termos e Condi\u00e7\u00f5es Gerais de Uso, juntamente com a Pol\u00edtica de Privacidade, s\u00e3o regidos pela legisla\u00e7\u00e3o vigente da Rep\u00fablica Federativa do Brasil. Isso inclui a Constitui\u00e7\u00e3o Federal, o C\u00f3digo Civil, o C\u00f3digo de Defesa do Consumidor, a Lei-Quadro da Internet e a Lei Geral de Prote\u00e7\u00e3o de Dados.<\/p>\n<\/div><div class=\"mx-5 sm:mx-0 prose leading-relaxed text-lg mb-5 text-left wp-paragraph\">\n<p>7.2 F\u00f3rum para Resolu\u00e7\u00e3o de Controv\u00e9rsias<\/p>\n<\/div><div class=\"mx-5 sm:mx-0 prose leading-relaxed text-lg mb-5 text-left wp-paragraph\">\n<p>As partes concordam que qualquer disputa relacionada \u00e0 interpreta\u00e7\u00e3o ou execu\u00e7\u00e3o destes Termos e da Pol\u00edtica de Privacidade ser\u00e1 resolvida exclusivamente pela C\u00e2mara de Com\u00e9rcio de Tallinn, Est\u00f4nia (Tribunal Arbitral da C\u00e2mara de Com\u00e9rcio e Ind\u00fastria da Est\u00f4nia), abrangendo todas as quest\u00f5es decorrentes destes Termos de Uso.<\/p>\n<\/div><!--advertisement--><div class=\"mx-5 sm:mx-0 sm:text-3xl text-2xl font-medium title-font mb-4 text-gray-900 text-left\">\n<h2 class=\"wp-block-heading\" id=\"h-section-viii-intellectual-property-rights-and-responsibility\">Se\u00e7\u00e3o VIII \u2013 Direitos e Responsabilidades de Propriedade Intelectual<\/h2>\n<\/div><div class=\"mx-5 sm:mx-0 prose leading-relaxed text-lg mb-5 text-left wp-paragraph\">\n<p>8.1 Direitos de Propriedade Intelectual<\/p>\n<\/div><div class=\"mx-5 sm:mx-0 prose leading-relaxed text-lg mb-5 text-left wp-paragraph\">\n<p>Todo o material dispon\u00edvel no Emprego Logo, propriedade da MinutoVip O\u00dc e seus colaboradores, est\u00e1 protegido por leis de direitos autorais e direitos de propriedade intelectual. A reprodu\u00e7\u00e3o, altera\u00e7\u00e3o, distribui\u00e7\u00e3o, exibi\u00e7\u00e3o ou cria\u00e7\u00e3o de obras derivadas sem a autoriza\u00e7\u00e3o expressa e por escrito da MinutoVip O\u00dc \u00e9 estritamente proibida.<\/p>\n<\/div><div class=\"mx-5 sm:mx-0 prose leading-relaxed text-lg mb-5 text-left wp-paragraph\">\n<p>8.2 Isen\u00e7\u00e3o de responsabilidade<\/p>\n<\/div><div class=\"mx-5 sm:mx-0 prose leading-relaxed text-lg mb-5 text-left wp-paragraph\">\n<p>A Emprego Logo n\u00e3o se responsabiliza pelo conte\u00fado gerado pelo usu\u00e1rio, como f\u00f3runs ou publica\u00e7\u00f5es em redes sociais. Al\u00e9m disso, n\u00e3o nos responsabilizamos por danos diretos ou indiretos decorrentes do uso do site.<\/p>\n<\/div><div class=\"mx-5 sm:mx-0 prose leading-relaxed text-lg mb-5 text-left wp-paragraph\">\n<p>8.3 Controle de Viola\u00e7\u00f5es<\/p>\n<\/div><div class=\"mx-5 sm:mx-0 prose leading-relaxed text-lg mb-5 text-left wp-paragraph\">\n<p>A Emprego Logo reserva-se o direito de remover qualquer conte\u00fado que viole estes termos, incluindo materiais considerados ilegais, ofensivos, difamat\u00f3rios ou que infrinjam os direitos de terceiros. A MinutoVip O\u00dc tamb\u00e9m poder\u00e1 desativar contas de usu\u00e1rios que n\u00e3o cumpram estas regras.<\/p>\n<\/div><!--advertisement--><div class=\"mx-5 sm:mx-0 sm:text-3xl text-2xl font-medium title-font mb-4 text-gray-900 text-left\">\n<h2 class=\"wp-block-heading\" id=\"h-section-ix-modification-of-terms-and-conditions\">Se\u00e7\u00e3o IX \u2013 Modifica\u00e7\u00e3o dos Termos e Condi\u00e7\u00f5es<\/h2>\n<\/div><div class=\"mx-5 sm:mx-0 prose leading-relaxed text-lg mb-5 text-left wp-paragraph\">\n<p>A Emprego Logo reserva-se o direito de modificar, suspender ou encerrar qualquer parte de seus servi\u00e7os a qualquer momento e sem aviso pr\u00e9vio. Nesses casos, a Emprego Logo n\u00e3o \u00e9 obrigada a fornecer justificativas ou explica\u00e7\u00f5es aos usu\u00e1rios ou terceiros sobre as altera\u00e7\u00f5es realizadas.<\/p>\n<\/div><div class=\"mx-5 sm:mx-0 prose leading-relaxed text-lg mb-5 text-left wp-paragraph\">\n<p>O acesso e a utiliza\u00e7\u00e3o cont\u00ednua do site implicam a aceita\u00e7\u00e3o impl\u00edcita dos Termos e Condi\u00e7\u00f5es revistos. Caso n\u00e3o concorde com as altera\u00e7\u00f5es efetuadas, recomenda-se que deixe de utilizar o site.<\/p>\n<\/div><!--advertisement--><div class=\"mx-5 sm:mx-0 sm:text-3xl text-2xl font-medium title-font mb-4 text-gray-900 text-left\">\n<h2 class=\"wp-block-heading\" id=\"h-section-x-contact-information\">Se\u00e7\u00e3o X \u2013 Informa\u00e7\u00f5es de contato<\/h2>\n<\/div><div class=\"mx-5 sm:mx-0 prose leading-relaxed text-lg mb-5 text-left wp-paragraph\">\n<p>Se tiver alguma d\u00favida ou sugest\u00e3o sobre os nossos servi\u00e7os, n\u00e3o hesite em contactar-nos. Para tal, visite [link para o site]. <a target=\"_blank\" href=\"https:\/\/empregologo.com\/pt\/contact\/\" rel=\"noreferrer noopener\">https:\/\/empregologo.com\/contact<\/a> Envie-nos suas perguntas ou coment\u00e1rios atrav\u00e9s do formul\u00e1rio de contato.<\/p>\n<\/div>","protected":false},"excerpt":{"rendered":"<p>A Minuto Vip O\u00dc, uma sociedade de responsabilidade limitada estoniana (LLC, tamb\u00e9m conhecida como O\u00dc), registrada sob o n\u00famero de IVA EE102618125 e com sede em Tallinn, Condado de Harju, Distrito de Kesklinna, Rotermanni tn 14-32, 10111, \u00e9 a criadora, propriet\u00e1ria e mantenedora do blog Emprego Logo, acess\u00edvel pelo dom\u00ednio https:\/\/empregologo.com\/. A Emprego Logo \u00e9 respons\u00e1vel pela administra\u00e7\u00e3o deste portal. Sempre que\u2026 <a class=\"more-link\" href=\"https:\/\/empregologo.com\/pt\/terms\/\">Continue lendo <span class=\"screen-reader-text\">Termos de Uso \u2013 Logotipo da Emprego<\/span><\/a><\/p>","protected":false},"author":6,"featured_media":0,"parent":0,"menu_order":0,"comment_status":"closed","ping_status":"closed","template":"","meta":{"footnotes":""},"yoast_head":"<!-- This site is optimized with the Yoast SEO plugin v23.3 - https:\/\/yoast.com\/wordpress\/plugins\/seo\/ -->\n<title>Terms of Use \u2013 Emprego Logo - Emprego Logo<\/title>\n<meta name=\"robots\" content=\"index, follow, max-snippet:-1, max-image-preview:large, max-video-preview:-1\" \/>\n<link rel=\"canonical\" href=\"https:\/\/empregologo.com\/pt\/terms\/\" \/>\n<meta property=\"og:locale\" content=\"pt_BR\" \/>\n<meta property=\"og:type\" content=\"article\" \/>\n<meta property=\"og:title\" content=\"Terms of Use \u2013 Emprego Logo - Emprego Logo\" \/>\n<meta property=\"og:description\" content=\"Minuto Vip O\u00dc, an Estonian limited liability company (LLC, also known as O\u00dc), registered under VAT EE102618125 and headquartered in Tallinn, Harju County, Tallinn, Kesklinna District, Rotermanni tn 14-32, 10111, is the creator, owner, and maintainer of the Emprego Logo blog, accessible through the domain https:\/\/empregologo.com\/.&nbsp; Emprego Logo is responsible for administering this portal. Whenever&hellip; Continue reading Terms of Use \u2013 Emprego Logo\" \/>\n<meta property=\"og:url\" content=\"https:\/\/empregologo.com\/pt\/terms\/\" \/>\n<meta property=\"og:site_name\" content=\"Emprego Logo\" \/>\n<meta property=\"article:modified_time\" content=\"2024-08-19T21:54:21+00:00\" \/>\n<meta name=\"twitter:card\" content=\"summary_large_image\" \/>\n<meta name=\"twitter:label1\" content=\"Est. reading time\" \/>\n\t<meta name=\"twitter:data1\" content=\"7 minutos\" \/>\n<script type=\"application\/ld+json\" class=\"yoast-schema-graph\">{\"@context\":\"https:\/\/schema.org\",\"@graph\":[{\"@type\":\"WebPage\",\"@id\":\"https:\/\/empregologo.com\/terms\/\",\"url\":\"https:\/\/empregologo.com\/terms\/\",\"name\":\"Terms of Use \u2013 Emprego Logo - Emprego Logo\",\"isPartOf\":{\"@id\":\"https:\/\/empregologo.com\/#website\"},\"datePublished\":\"2024-08-13T17:37:21+00:00\",\"dateModified\":\"2024-08-19T21:54:21+00:00\",\"breadcrumb\":{\"@id\":\"https:\/\/empregologo.com\/terms\/#breadcrumb\"},\"inLanguage\":\"pt-BR\",\"potentialAction\":[{\"@type\":\"ReadAction\",\"target\":[\"https:\/\/empregologo.com\/terms\/\"]}]},{\"@type\":\"BreadcrumbList\",\"@id\":\"https:\/\/empregologo.com\/terms\/#breadcrumb\",\"itemListElement\":[{\"@type\":\"ListItem\",\"position\":1,\"name\":\"Home\",\"item\":\"https:\/\/empregologo.com\/\"},{\"@type\":\"ListItem\",\"position\":2,\"name\":\"Terms of Use \u2013 Emprego Logo\"}]},{\"@type\":\"WebSite\",\"@id\":\"https:\/\/empregologo.com\/#website\",\"url\":\"https:\/\/empregologo.com\/\",\"name\":\"Emprego Logo\",\"description\":\"\",\"potentialAction\":[{\"@type\":\"SearchAction\",\"target\":{\"@type\":\"EntryPoint\",\"urlTemplate\":\"https:\/\/empregologo.com\/?s={search_term_string}\"},\"query-input\":\"required name=search_term_string\"}],\"inLanguage\":\"pt-BR\"}]}<\/script>\n<!-- \/ Yoast SEO plugin. -->","yoast_head_json":{"title":"Terms of Use \u2013 Emprego Logo - Emprego Logo","robots":{"index":"index","follow":"follow","max-snippet":"max-snippet:-1","max-image-preview":"max-image-preview:large","max-video-preview":"max-video-preview:-1"},"canonical":"https:\/\/empregologo.com\/pt\/terms\/","og_locale":"pt_BR","og_type":"article","og_title":"Terms of Use \u2013 Emprego Logo - Emprego Logo","og_description":"Minuto Vip O\u00dc, an Estonian limited liability company (LLC, also known as O\u00dc), registered under VAT EE102618125 and headquartered in Tallinn, Harju County, Tallinn, Kesklinna District, Rotermanni tn 14-32, 10111, is the creator, owner, and maintainer of the Emprego Logo blog, accessible through the domain https:\/\/empregologo.com\/.&nbsp; Emprego Logo is responsible for administering this portal. Whenever&hellip; Continue reading Terms of Use \u2013 Emprego Logo","og_url":"https:\/\/empregologo.com\/pt\/terms\/","og_site_name":"Emprego Logo","article_modified_time":"2024-08-19T21:54:21+00:00","twitter_card":"summary_large_image","twitter_misc":{"Est. reading time":"7 minutos"},"schema":{"@context":"https:\/\/schema.org","@graph":[{"@type":"WebPage","@id":"https:\/\/empregologo.com\/terms\/","url":"https:\/\/empregologo.com\/terms\/","name":"Terms of Use \u2013 Emprego Logo - Emprego Logo","isPartOf":{"@id":"https:\/\/empregologo.com\/#website"},"datePublished":"2024-08-13T17:37:21+00:00","dateModified":"2024-08-19T21:54:21+00:00","breadcrumb":{"@id":"https:\/\/empregologo.com\/terms\/#breadcrumb"},"inLanguage":"pt-BR","potentialAction":[{"@type":"ReadAction","target":["https:\/\/empregologo.com\/terms\/"]}]},{"@type":"BreadcrumbList","@id":"https:\/\/empregologo.com\/terms\/#breadcrumb","itemListElement":[{"@type":"ListItem","position":1,"name":"Home","item":"https:\/\/empregologo.com\/"},{"@type":"ListItem","position":2,"name":"Terms of Use \u2013 Emprego Logo"}]},{"@type":"WebSite","@id":"https:\/\/empregologo.com\/#website","url":"https:\/\/empregologo.com\/","name":"Emprego Logo","description":"","potentialAction":[{"@type":"SearchAction","target":{"@type":"EntryPoint","urlTemplate":"https:\/\/empregologo.com\/?s={search_term_string}"},"query-input":"required name=search_term_string"}],"inLanguage":"pt-BR"}]}},"_links":{"self":[{"href":"https:\/\/empregologo.com\/pt\/wp-json\/wp\/v2\/pages\/270"}],"collection":[{"href":"https:\/\/empregologo.com\/pt\/wp-json\/wp\/v2\/pages"}],"about":[{"href":"https:\/\/empregologo.com\/pt\/wp-json\/wp\/v2\/types\/page"}],"author":[{"embeddable":true,"href":"https:\/\/empregologo.com\/pt\/wp-json\/wp\/v2\/users\/6"}],"replies":[{"embeddable":true,"href":"https:\/\/empregologo.com\/pt\/wp-json\/wp\/v2\/comments?post=270"}],"version-history":[{"count":2,"href":"https:\/\/empregologo.com\/pt\/wp-json\/wp\/v2\/pages\/270\/revisions"}],"predecessor-version":[{"id":310,"href":"https:\/\/empregologo.com\/pt\/wp-json\/wp\/v2\/pages\/270\/revisions\/310"}],"wp:attachment":[{"href":"https:\/\/empregologo.com\/pt\/wp-json\/wp\/v2\/media?parent=270"}],"curies":[{"name":"wp","href":"https:\/\/api.w.org\/{rel}","templated":true}]}}