{"id":272,"date":"2024-08-13T17:41:49","date_gmt":"2024-08-13T17:41:49","guid":{"rendered":"http:\/\/empregologo.atpnd.com\/?page_id=272"},"modified":"2024-08-13T17:41:50","modified_gmt":"2024-08-13T17:41:50","slug":"about","status":"publish","type":"page","link":"https:\/\/empregologo.com\/pt\/about\/","title":{"rendered":"Sobre n\u00f3s"},"content":{"rendered":"<div class=\"mx-5 sm:mx-0 prose leading-relaxed text-lg mb-5 text-left wp-paragraph\">\n<p>Na Emprego Logo, acreditamos que cada dia \u00e9 uma nova oportunidade para impulsionar sua carreira e alcan\u00e7ar o sucesso profissional. Nosso blog \u00e9 um recurso essencial para explorar oportunidades de emprego, desenvolvimento de carreira e estrat\u00e9gias para se destacar no mercado de trabalho. Oferecemos as informa\u00e7\u00f5es e dicas mais relevantes para ajud\u00e1-lo(a) a encontrar seu caminho profissional e se destacar em um ambiente competitivo.<\/p>\n<\/div><!--advertisement--><div class=\"mx-5 sm:mx-0 sm:text-3xl text-2xl font-medium title-font mb-4 text-gray-900 text-left\">\n<h2 class=\"wp-block-heading\" id=\"h-who-we-are\">Quem somos<\/h2>\n<\/div><div class=\"mx-5 sm:mx-0 prose leading-relaxed text-lg mb-5 text-left wp-paragraph\">\n<p>Emprego Logo \u00e9 uma plataforma global dedicada ao mundo do trabalho, com uma equipe comprometida em fornecer conte\u00fado valioso e de alta qualidade para nossos leitores. Com um olhar atento \u00e0s tend\u00eancias globais, nossa equipe \u00e9 formada por especialistas em recursos humanos, carreiras e desenvolvimento profissional. Trabalhamos diariamente para oferecer artigos, guias e an\u00e1lises que ajudam voc\u00ea a se preparar para o mercado de trabalho e alcan\u00e7ar seus objetivos profissionais.<\/p>\n<\/div><!--advertisement--><div class=\"mx-5 sm:mx-0 sm:text-3xl text-2xl font-medium title-font mb-4 text-gray-900 text-left\">\n<h2 class=\"wp-block-heading\">Ajude-nos a melhorar<\/h2>\n<\/div><div class=\"mx-5 sm:mx-0 prose leading-relaxed text-lg mb-5 text-left wp-paragraph\">\n<p>Na Emprego Logo, valorizamos muito o feedback dos nossos leitores. Sua opini\u00e3o \u00e9 fundamental para continuarmos a melhorar e oferecer o melhor conte\u00fado poss\u00edvel. Se voc\u00ea tiver sugest\u00f5es, cr\u00edticas ou ideias sobre temas que gostaria de ver em nosso blog, n\u00e3o hesite em nos contatar.<a target=\"_blank\" href=\"https:\/\/empregologo.com\/pt\/contact\/\" rel=\"noreferrer noopener\"> http:\/\/empregologo.com\/contact\/<\/a>Adoramos ouvir suas opini\u00f5es!<\/p>\n<\/div>","protected":false},"excerpt":{"rendered":"<p>Na Emprego Logo, acreditamos que cada dia \u00e9 uma nova oportunidade para voc\u00ea avan\u00e7ar na sua carreira e alcan\u00e7ar o sucesso profissional. Nosso blog \u00e9 o seu recurso essencial para explorar oportunidades de emprego, desenvolvimento de carreira e estrat\u00e9gias para se destacar no mercado de trabalho. Oferecemos as informa\u00e7\u00f5es e dicas mais relevantes para ajudar voc\u00ea a encontrar seu caminho profissional e se destacar\u2026 <a class=\"more-link\" href=\"https:\/\/empregologo.com\/pt\/about\/\">Continue lendo <span class=\"screen-reader-text\">Sobre n\u00f3s<\/span><\/a><\/p>","protected":false},"author":6,"featured_media":0,"parent":0,"menu_order":0,"comment_status":"closed","ping_status":"closed","template":"","meta":{"footnotes":""},"yoast_head":"<!-- This site is optimized with the Yoast SEO plugin v23.3 - https:\/\/yoast.com\/wordpress\/plugins\/seo\/ -->\n<title>About Us - Emprego Logo<\/title>\n<meta name=\"robots\" content=\"index, follow, max-snippet:-1, max-image-preview:large, max-video-preview:-1\" \/>\n<link rel=\"canonical\" href=\"https:\/\/empregologo.com\/pt\/about\/\" \/>\n<meta property=\"og:locale\" content=\"pt_BR\" \/>\n<meta property=\"og:type\" content=\"article\" \/>\n<meta property=\"og:title\" content=\"About Us - Emprego Logo\" \/>\n<meta property=\"og:description\" content=\"At Emprego Logo, we believe every day is a new opportunity to advance your career and achieve professional success. Our blog is your essential resource for exploring employment, career development, and strategies for success in the job market. We provide the most relevant information and tips to help you find your professional path and stand&hellip; Continue reading About Us\" \/>\n<meta property=\"og:url\" content=\"https:\/\/empregologo.com\/pt\/about\/\" \/>\n<meta property=\"og:site_name\" content=\"Emprego Logo\" \/>\n<meta property=\"article:modified_time\" content=\"2024-08-13T17:41:50+00:00\" \/>\n<meta name=\"twitter:card\" content=\"summary_large_image\" \/>\n<meta name=\"twitter:label1\" content=\"Est. reading time\" \/>\n\t<meta name=\"twitter:data1\" content=\"1 minuto\" \/>\n<script type=\"application\/ld+json\" class=\"yoast-schema-graph\">{\"@context\":\"https:\/\/schema.org\",\"@graph\":[{\"@type\":\"WebPage\",\"@id\":\"https:\/\/empregologo.com\/about\/\",\"url\":\"https:\/\/empregologo.com\/about\/\",\"name\":\"About Us - Emprego Logo\",\"isPartOf\":{\"@id\":\"https:\/\/empregologo.com\/#website\"},\"datePublished\":\"2024-08-13T17:41:49+00:00\",\"dateModified\":\"2024-08-13T17:41:50+00:00\",\"breadcrumb\":{\"@id\":\"https:\/\/empregologo.com\/about\/#breadcrumb\"},\"inLanguage\":\"pt-BR\",\"potentialAction\":[{\"@type\":\"ReadAction\",\"target\":[\"https:\/\/empregologo.com\/about\/\"]}]},{\"@type\":\"BreadcrumbList\",\"@id\":\"https:\/\/empregologo.com\/about\/#breadcrumb\",\"itemListElement\":[{\"@type\":\"ListItem\",\"position\":1,\"name\":\"Home\",\"item\":\"https:\/\/empregologo.com\/\"},{\"@type\":\"ListItem\",\"position\":2,\"name\":\"About Us\"}]},{\"@type\":\"WebSite\",\"@id\":\"https:\/\/empregologo.com\/#website\",\"url\":\"https:\/\/empregologo.com\/\",\"name\":\"Emprego Logo\",\"description\":\"\",\"potentialAction\":[{\"@type\":\"SearchAction\",\"target\":{\"@type\":\"EntryPoint\",\"urlTemplate\":\"https:\/\/empregologo.com\/?s={search_term_string}\"},\"query-input\":\"required name=search_term_string\"}],\"inLanguage\":\"pt-BR\"}]}<\/script>\n<!-- \/ Yoast SEO plugin. -->","yoast_head_json":{"title":"About Us - Emprego Logo","robots":{"index":"index","follow":"follow","max-snippet":"max-snippet:-1","max-image-preview":"max-image-preview:large","max-video-preview":"max-video-preview:-1"},"canonical":"https:\/\/empregologo.com\/pt\/about\/","og_locale":"pt_BR","og_type":"article","og_title":"About Us - Emprego Logo","og_description":"At Emprego Logo, we believe every day is a new opportunity to advance your career and achieve professional success. Our blog is your essential resource for exploring employment, career development, and strategies for success in the job market. We provide the most relevant information and tips to help you find your professional path and stand&hellip; Continue reading About Us","og_url":"https:\/\/empregologo.com\/pt\/about\/","og_site_name":"Emprego Logo","article_modified_time":"2024-08-13T17:41:50+00:00","twitter_card":"summary_large_image","twitter_misc":{"Est. reading time":"1 minuto"},"schema":{"@context":"https:\/\/schema.org","@graph":[{"@type":"WebPage","@id":"https:\/\/empregologo.com\/about\/","url":"https:\/\/empregologo.com\/about\/","name":"About Us - Emprego Logo","isPartOf":{"@id":"https:\/\/empregologo.com\/#website"},"datePublished":"2024-08-13T17:41:49+00:00","dateModified":"2024-08-13T17:41:50+00:00","breadcrumb":{"@id":"https:\/\/empregologo.com\/about\/#breadcrumb"},"inLanguage":"pt-BR","potentialAction":[{"@type":"ReadAction","target":["https:\/\/empregologo.com\/about\/"]}]},{"@type":"BreadcrumbList","@id":"https:\/\/empregologo.com\/about\/#breadcrumb","itemListElement":[{"@type":"ListItem","position":1,"name":"Home","item":"https:\/\/empregologo.com\/"},{"@type":"ListItem","position":2,"name":"About Us"}]},{"@type":"WebSite","@id":"https:\/\/empregologo.com\/#website","url":"https:\/\/empregologo.com\/","name":"Emprego Logo","description":"","potentialAction":[{"@type":"SearchAction","target":{"@type":"EntryPoint","urlTemplate":"https:\/\/empregologo.com\/?s={search_term_string}"},"query-input":"required name=search_term_string"}],"inLanguage":"pt-BR"}]}},"_links":{"self":[{"href":"https:\/\/empregologo.com\/pt\/wp-json\/wp\/v2\/pages\/272"}],"collection":[{"href":"https:\/\/empregologo.com\/pt\/wp-json\/wp\/v2\/pages"}],"about":[{"href":"https:\/\/empregologo.com\/pt\/wp-json\/wp\/v2\/types\/page"}],"author":[{"embeddable":true,"href":"https:\/\/empregologo.com\/pt\/wp-json\/wp\/v2\/users\/6"}],"replies":[{"embeddable":true,"href":"https:\/\/empregologo.com\/pt\/wp-json\/wp\/v2\/comments?post=272"}],"version-history":[{"count":1,"href":"https:\/\/empregologo.com\/pt\/wp-json\/wp\/v2\/pages\/272\/revisions"}],"predecessor-version":[{"id":273,"href":"https:\/\/empregologo.com\/pt\/wp-json\/wp\/v2\/pages\/272\/revisions\/273"}],"wp:attachment":[{"href":"https:\/\/empregologo.com\/pt\/wp-json\/wp\/v2\/media?parent=272"}],"curies":[{"name":"wp","href":"https:\/\/api.w.org\/{rel}","templated":true}]}}